{"id":96,"date":"2024-05-03T13:06:03","date_gmt":"2024-05-03T12:06:03","guid":{"rendered":"https:\/\/aragonphotonics.com\/es\/?page_id=96"},"modified":"2026-03-27T09:13:14","modified_gmt":"2026-03-27T07:13:14","slug":"condiciones-generales-de-compra","status":"publish","type":"page","link":"https:\/\/aragonphotonics.com\/es\/condiciones-generales-de-compra\/","title":{"rendered":"Condiciones Generales de Abastecimiento"},"content":{"rendered":"\n<div class=\"wp-block-uagb-container uagb-block-99d4be01 alignfull uagb-is-root-container\"><div class=\"uagb-container-inner-blocks-wrap\">\n<p>Aragon Photonics Labs, S.L.U. CONDICIONES GENERALES DE ABASTECIMIENTO IT-50-02 Ed. 1.1<\/p>\n\n\n\n<p>EVALUACI\u00d3N DE PROVEEDORES<\/p>\n\n\n\n<ol class=\"wp-block-list\">\n<li>Aragon Photonics Labs, S.L.U. eval\u00faa activamente a sus proveedores en base a los siguientes factores:<\/li>\n\n\n\n<li>Cumplimiento de la entrega del material\/servicio: Evaluaci\u00f3n de los retrasos temporales y cuantitativos en la entrega del material\/servicio seg\u00fan las fechas y cantidades confirmadas por el proveedor en la aceptaci\u00f3n del pedido.<\/li>\n\n\n\n<li>Calidad del material\/servicio: Evaluaci\u00f3n de la calidad del material\/servicio y generaci\u00f3n de No Conformidades al proveedor.<\/li>\n\n\n\n<li>Gesti\u00f3n del proveedor: Evaluaci\u00f3n de la calidad del proveedor como organizaci\u00f3n, basada en el cumplimiento normativo y la atenci\u00f3n al cliente.<\/li>\n\n\n\n<li>Cada proveedor comienza con una puntuaci\u00f3n de 10 puntos que puede reducirse de acuerdo con la siguiente tabla:<\/li>\n<\/ol>\n\n\n\n<figure class=\"wp-block-table\"><table><tbody><tr><td><strong>Factor<\/strong><\/td><td><strong>Penalizaci\u00f3n<\/strong><\/td><\/tr><tr><td>Cumplimiento de entrega del material\/servicio<\/td><td>Hasta 9 puntos (6 por retraso temporal y 3 por cantidad)<\/td><\/tr><tr><td>Calidad del material\/servicio<\/td><td>Hasta 6 puntos<\/td><\/tr><tr><td>Gesti\u00f3n del proveedor<\/td><td>Hasta 3 puntos (2 por cumplimiento normativo y 1 por atenci\u00f3n al cliente)<\/td><\/tr><\/tbody><\/table><\/figure>\n\n\n\n<p>Una evaluaci\u00f3n negativa (puntuaci\u00f3n inferior a 5) puede suponer la retirada de la acreditaci\u00f3n como proveedor y el fin de la colaboraci\u00f3n entre las organizaciones.<\/p>\n<\/div><\/div>\n","protected":false},"excerpt":{"rendered":"<p>Aragon Photonics Labs, S.L.U. CONDICIONES GENERALES DE ABASTECIMIENTO IT-50-02 Ed. 1.1 EVALUACI\u00d3N DE PROVEEDORES Factor Penalizaci\u00f3n Cumplimiento de entrega del material\/servicio Hasta 9 puntos (6 por retraso temporal y 3 por cantidad) Calidad del material\/servicio Hasta 6 puntos Gesti\u00f3n del proveedor Hasta 3 puntos (2 por cumplimiento normativo y 1 por atenci\u00f3n al cliente) Una [&hellip;]<\/p>\n","protected":false},"author":3,"featured_media":0,"parent":0,"menu_order":0,"comment_status":"closed","ping_status":"closed","template":"","meta":{"_acf_changed":false,"_uag_custom_page_level_css":"","_genesis_hide_title":false,"_genesis_hide_breadcrumbs":false,"_genesis_hide_singular_image":false,"_genesis_hide_footer_widgets":false,"_genesis_custom_body_class":"","_genesis_custom_post_class":"","_genesis_layout":"","footnotes":""},"class_list":{"0":"post-96","1":"page","2":"type-page","3":"status-publish","5":"entry"},"acf":[],"uagb_featured_image_src":{"full":false,"thumbnail":false,"medium":false,"medium_large":false,"large":false,"1536x1536":false,"2048x2048":false,"gur_featured_image":false,"gur_blog_thumbnail":false,"gur_industries_thumbnail":false},"uagb_author_info":{"display_name":"Javier Incaelum","author_link":"https:\/\/aragonphotonics.com\/es\/author\/javier-incaelum\/"},"uagb_comment_info":0,"uagb_excerpt":"Aragon Photonics Labs, S.L.U. CONDICIONES GENERALES DE ABASTECIMIENTO IT-50-02 Ed. 1.1 EVALUACI\u00d3N DE PROVEEDORES Factor Penalizaci\u00f3n Cumplimiento de entrega del material\/servicio Hasta 9 puntos (6 por retraso temporal y 3 por cantidad) Calidad del material\/servicio Hasta 6 puntos Gesti\u00f3n del proveedor Hasta 3 puntos (2 por cumplimiento normativo y 1 por atenci\u00f3n al cliente) Una&hellip;","_links":{"self":[{"href":"https:\/\/aragonphotonics.com\/es\/wp-json\/wp\/v2\/pages\/96","targetHints":{"allow":["GET"]}}],"collection":[{"href":"https:\/\/aragonphotonics.com\/es\/wp-json\/wp\/v2\/pages"}],"about":[{"href":"https:\/\/aragonphotonics.com\/es\/wp-json\/wp\/v2\/types\/page"}],"author":[{"embeddable":true,"href":"https:\/\/aragonphotonics.com\/es\/wp-json\/wp\/v2\/users\/3"}],"replies":[{"embeddable":true,"href":"https:\/\/aragonphotonics.com\/es\/wp-json\/wp\/v2\/comments?post=96"}],"version-history":[{"count":8,"href":"https:\/\/aragonphotonics.com\/es\/wp-json\/wp\/v2\/pages\/96\/revisions"}],"predecessor-version":[{"id":5522,"href":"https:\/\/aragonphotonics.com\/es\/wp-json\/wp\/v2\/pages\/96\/revisions\/5522"}],"wp:attachment":[{"href":"https:\/\/aragonphotonics.com\/es\/wp-json\/wp\/v2\/media?parent=96"}],"curies":[{"name":"wp","href":"https:\/\/api.w.org\/{rel}","templated":true}]}}