{"id":88,"date":"2024-05-03T10:34:05","date_gmt":"2024-05-03T09:34:05","guid":{"rendered":"https:\/\/aragonphotonics.com\/es\/?page_id=88"},"modified":"2024-07-15T09:16:05","modified_gmt":"2024-07-15T07:16:05","slug":"trabaja-con-nosotros","status":"publish","type":"page","link":"https:\/\/aragonphotonics.com\/es\/trabaja-con-nosotros\/","title":{"rendered":"Trabaja con nosotros"},"content":{"rendered":"<div class=\"block-wrapper block-wrapper-cfb block-wrapper-header-image-video text-bg-wrapper background-as-attr\" data-image-src=\"https:\/\/aragonphotonics.com\/es\/wp-content\/uploads\/sites\/2\/2024\/05\/work.jpg\"><div class=\"container\"><div class=\"row\"><div class=\"col-12\"><h1 class=\"block-title\">Trabaja con nosotros<\/h1><div class=\"block-description\"><p>Nuestro diverso equipo de especialistas en Aragon Photonics abarca una amplia gama de personalidades, habilidades y formaciones. El desarrollo constante de nuestros profesionales impulsa el crecimiento continuo de la empresa. Contamos con personas altamente cualificadas, apasionadas por su trabajo y con s\u00f3lidas credenciales acad\u00e9micas. Si deseas unirte a un equipo din\u00e1mico, creativo y en constante evoluci\u00f3n&#8230; \u00a1Te estamos esperando!\u00a0<\/p>\n<\/div><\/div><\/div><\/div><\/div><\/div>\n\n\n\n\n<div class=\"wp-block-uagb-container uagb-block-ba67ef0f alignfull uagb-is-root-container\"><div class=\"uagb-container-inner-blocks-wrap\">\n<div class=\"wp-block-contact-form-7-contact-form-selector\">\n<div class=\"wpcf7 no-js\" id=\"wpcf7-f650-o1\" lang=\"en-US\" dir=\"ltr\" data-wpcf7-id=\"650\">\n<div class=\"screen-reader-response\"><p role=\"status\" aria-live=\"polite\" aria-atomic=\"true\"><\/p> <ul><\/ul><\/div>\n<form action=\"\/es\/wp-json\/wp\/v2\/pages\/88#wpcf7-f650-o1\" method=\"post\" class=\"wpcf7-form init\" aria-label=\"Contact form\" enctype=\"multipart\/form-data\" novalidate=\"novalidate\" data-status=\"init\">\n<fieldset class=\"hidden-fields-container\"><input type=\"hidden\" name=\"_wpcf7\" value=\"650\" \/><input type=\"hidden\" name=\"_wpcf7_version\" value=\"6.1.5\" \/><input type=\"hidden\" name=\"_wpcf7_locale\" value=\"en_US\" \/><input type=\"hidden\" name=\"_wpcf7_unit_tag\" value=\"wpcf7-f650-o1\" \/><input type=\"hidden\" name=\"_wpcf7_container_post\" value=\"0\" \/><input type=\"hidden\" name=\"_wpcf7_posted_data_hash\" value=\"\" \/><input type=\"hidden\" name=\"_wpcf7_recaptcha_response\" value=\"\" \/>\n<\/fieldset>\n<div class=\"cf7-wrapper\">\n\t<h2 class=\"block-title text-center mb-3\">Candidatura espont\u00e1nea\n\t<\/h2>\n<div class=\"wpcf7-response-output\" aria-hidden=\"true\"><\/div>\n\t<div class=\"form-group\">\n\t\t<p><label for=\"first-name\">Nombre*<\/label><br \/>\n<span class=\"wpcf7-form-control-wrap\" data-name=\"first-name\"><input size=\"40\" maxlength=\"400\" class=\"wpcf7-form-control wpcf7-text wpcf7-validates-as-required\" id=\"first-name\" aria-required=\"true\" aria-invalid=\"false\" value=\"\" type=\"text\" name=\"first-name\" \/><\/span>\n\t\t<\/p>\n\t<\/div>\n\t<div class=\"form-group\">\n\t\t<p><label for=\"last-name\">Apellidos*<\/label><br \/>\n<span class=\"wpcf7-form-control-wrap\" data-name=\"last-name\"><input size=\"40\" maxlength=\"400\" class=\"wpcf7-form-control wpcf7-text wpcf7-validates-as-required\" id=\"last-name\" aria-required=\"true\" aria-invalid=\"false\" value=\"\" type=\"text\" name=\"last-name\" \/><\/span>\n\t\t<\/p>\n\t<\/div>\n\t<div class=\"form-group\">\n\t\t<p><label for=\"email\">Correo electr\u00f3nico*<\/label><br \/>\n<span class=\"wpcf7-form-control-wrap\" data-name=\"email\"><input size=\"40\" maxlength=\"400\" class=\"wpcf7-form-control wpcf7-email wpcf7-validates-as-required wpcf7-text wpcf7-validates-as-email\" id=\"email\" aria-required=\"true\" aria-invalid=\"false\" value=\"\" type=\"email\" name=\"email\" \/><\/span>\n\t\t<\/p>\n\t<\/div>\n\t<div class=\"form-group\">\n\t\t<p><label for=\"phone-number\">Tel\u00e9fono<\/label><br \/>\n<span class=\"wpcf7-form-control-wrap\" data-name=\"phone-number\"><input size=\"40\" maxlength=\"400\" class=\"wpcf7-form-control wpcf7-tel wpcf7-text wpcf7-validates-as-tel\" id=\"phone-number\" aria-invalid=\"false\" value=\"\" type=\"tel\" name=\"phone-number\" \/><\/span>\n\t\t<\/p>\n\t<\/div>\n\t<div class=\"form-group custom-file-upload\">\n\t\t<p><label for=\"file-upload\" class=\"custom-file-label\">Adjuntar CV*<\/label><br \/>\n<span class=\"wpcf7-form-control-wrap\" data-name=\"file-upload\"><input size=\"40\" class=\"wpcf7-form-control wpcf7-file wpcf7-validates-as-required\" id=\"file-upload\" accept=\".pdf,.doc,.docx\" aria-required=\"true\" aria-invalid=\"false\" type=\"file\" name=\"file-upload\" \/><\/span><br \/>\n<span id=\"file-name\">Ning\u00fan fichero seleccionado<\/span>\n\t\t<\/p>\n\t<\/div>\n\t<div class=\"form-group\">\n\t\t<p><label for=\"your-message\">Mensaje*<\/label><br \/>\n<span class=\"wpcf7-form-control-wrap\" data-name=\"your-message\"><textarea cols=\"40\" rows=\"10\" maxlength=\"2000\" class=\"wpcf7-form-control wpcf7-textarea wpcf7-validates-as-required\" id=\"your-message\" aria-required=\"true\" aria-invalid=\"false\" name=\"your-message\"><\/textarea><\/span>\n\t\t<\/p>\n\t<\/div>\n\t<div class=\"form-group\">\n\t\t<p><label><br \/>\n<span class=\"wpcf7-form-control-wrap\" data-name=\"accept\"><span class=\"wpcf7-form-control wpcf7-acceptance\"><span class=\"wpcf7-list-item\"><label><input type=\"checkbox\" name=\"accept\" value=\"1\" id=\"accept-policy\" aria-invalid=\"false\" \/><span class=\"wpcf7-list-item-label\"><span>He le\u00eddo y acepto <\/span><a href=\"\/es\/politica-de-privacidad\/\" title=\"Pol\u00edtica de privacidad\">la pol\u00edtica de privacidad<\/a><\/span><\/label><\/span><\/span><\/span><br \/>\n<\/label>\n\t\t<\/p>\n\t<\/div>\n\t<div class=\"form-group text-end\">\n\t\t<p><input class=\"wpcf7-form-control wpcf7-submit has-spinner btn btn-primary btn-action\" type=\"submit\" value=\"Enviar\" \/>\n\t\t<\/p>\n\t<\/div>\n<\/div>\n<\/form>\n<\/div>\n<\/div>\n<\/div><\/div>\n\n\n<div class=\"block-wrapper block-wrapper-cfb block-wrapper-banner background-as-attr\" data-image-src=\"https:\/\/aragonphotonics.com\/es\/wp-content\/uploads\/sites\/2\/2024\/05\/catalog.jpg\"><div class=\"container\"><div class=\"row align-items-center\"><div class=\"col-12\"><div class=\"content-wrapper\"><div class=\"text-wrapper\"><h2 class=\"block-title\">S\u00edguenos en LinkedIn<\/h2><\/div><div class=\"block-cta-wrapper\"><a class=\"btn btn-action\" href=\"https:\/\/www.linkedin.com\/company\/aragon-photonics\/\" title=\"Seguir\" target=\"_blank\">Seguir<\/a><\/div><\/div><\/div><\/div><\/div><\/div>\n\n<section class=\"block-wrapper block-wrapper-cfb block-wrapper-slider-columns\"><div class=\"container\"><div class=\"block-in-wrapper\"><div class=\"has-slick-slider \" data-slick-autoplay=\"true\" data-slick-infinite=\"true\" data-slick-show=\"1,1,1\" data-slick-scroll=\"1\"><div class=\"slick-item\"><article class=\"block-article quote\"><div class=\"content-wrapper no-image\"><div class=\"title-description-wrapper\"><div class=\"description\"><p>Somos una empresa multicultural e innovadora.<\/p>\n<\/div><\/div><\/div><\/article><\/div><div class=\"slick-item\"><article class=\"block-article quote\"><div class=\"content-wrapper no-image\"><div class=\"title-description-wrapper\"><div class=\"description\"><p>\u00danete a nuestro equipo innovador y libera tu potencial.<\/p>\n<\/div><\/div><\/div><\/article><\/div><div class=\"slick-item\"><article class=\"block-article quote\"><div class=\"content-wrapper no-image\"><div class=\"title-description-wrapper\"><div class=\"description\"><p>Desarrolla tu carrera profesional y personal con nosotros.<\/p>\n<\/div><\/div><\/div><\/article><\/div><div class=\"slick-item\"><article class=\"block-article quote\"><div class=\"content-wrapper no-image\"><div class=\"title-description-wrapper\"><div class=\"description\"><p>Colabora en proyectos con nosotros para alcanzar tus metas acad\u00e9micas.<\/p>\n<\/div><\/div><\/div><\/article><\/div><div class=\"slick-item\"><article class=\"block-article quote\"><div class=\"content-wrapper no-image\"><div class=\"title-description-wrapper\"><div class=\"description\"><p>Lleva tu trabajo acad\u00e9mico al siguiente nivel con nuestra experiencia en el sector.<\/p>\n<\/div><\/div><\/div><\/article><\/div><div class=\"slick-item\"><article class=\"block-article quote\"><div class=\"content-wrapper no-image\"><div class=\"title-description-wrapper\"><div class=\"description\"><p>La diversidad impulsa nuestro \u00e9xito.<\/p>\n<\/div><\/div><\/div><\/article><\/div><\/div><\/div><\/div><\/section>\n\n<section class=\"block-wrapper block-wrapper-cfb corporate block-wrapper-gallery\"><div class=\"container\"><div class=\"block-in-wrapper\"><div class=\"gur-block-gallery gur-block-gallery-slider has-slick-slider\" data-slick-show=\"1,1,1\" data-slick-scroll=\"1,1,1\" data-slick-infinite=\"true\" data-slick-arrows=\"true\"data-slick-centermode=\"true\"><div class=\"item\"><a class=\"image-wrapper a-ratio a-ratio-16x9\" href=\"https:\/\/aragonphotonics.com\/es\/wp-content\/uploads\/sites\/2\/2024\/05\/AragonPhotonics-20-scaled.jpg\" title=\"AragonPhotonics-20\" data-lightbox=\"69d169772343c\"><img decoding=\"async\" src=\"https:\/\/aragonphotonics.com\/es\/wp-content\/uploads\/sites\/2\/2024\/05\/AragonPhotonics-20-scaled.jpg\" alt=\"office\" class=\"img-fluid\"><\/a><\/div><div class=\"item\"><a class=\"image-wrapper a-ratio a-ratio-16x9\" href=\"https:\/\/aragonphotonics.com\/es\/wp-content\/uploads\/sites\/2\/2024\/05\/work-3.webp\" title=\"work-3\" data-lightbox=\"69d169772343c\"><img decoding=\"async\" src=\"https:\/\/aragonphotonics.com\/es\/wp-content\/uploads\/sites\/2\/2024\/05\/work-3.webp\" alt=\"Office\" class=\"img-fluid\"><\/a><\/div><div class=\"item\"><a class=\"image-wrapper a-ratio a-ratio-16x9\" href=\"https:\/\/aragonphotonics.com\/es\/wp-content\/uploads\/sites\/2\/2024\/05\/work-49.webp\" title=\"work-49\" data-lightbox=\"69d169772343c\"><img decoding=\"async\" src=\"https:\/\/aragonphotonics.com\/es\/wp-content\/uploads\/sites\/2\/2024\/05\/work-49.webp\" alt=\"Office\" class=\"img-fluid\"><\/a><\/div><div class=\"item\"><a class=\"image-wrapper a-ratio a-ratio-16x9\" href=\"https:\/\/aragonphotonics.com\/es\/wp-content\/uploads\/sites\/2\/2024\/05\/work-2.webp\" title=\"work-2\" data-lightbox=\"69d169772343c\"><img decoding=\"async\" src=\"https:\/\/aragonphotonics.com\/es\/wp-content\/uploads\/sites\/2\/2024\/05\/work-2.webp\" alt=\"Map\" class=\"img-fluid\"><\/a><\/div><\/div><\/div><\/div><\/section>","protected":false},"excerpt":{"rendered":"","protected":false},"author":3,"featured_media":0,"parent":0,"menu_order":0,"comment_status":"closed","ping_status":"closed","template":"","meta":{"_acf_changed":false,"_uag_custom_page_level_css":"","_genesis_hide_title":true,"_genesis_hide_breadcrumbs":false,"_genesis_hide_singular_image":false,"_genesis_hide_footer_widgets":false,"_genesis_custom_body_class":"","_genesis_custom_post_class":"","_genesis_layout":"","footnotes":""},"class_list":{"0":"post-88","1":"page","2":"type-page","3":"status-publish","5":"entry"},"acf":[],"uagb_featured_image_src":{"full":false,"thumbnail":false,"medium":false,"medium_large":false,"large":false,"1536x1536":false,"2048x2048":false,"gur_featured_image":false,"gur_blog_thumbnail":false,"gur_industries_thumbnail":false},"uagb_author_info":{"display_name":"Javier Incaelum","author_link":"https:\/\/aragonphotonics.com\/es\/author\/javier-incaelum\/"},"uagb_comment_info":0,"uagb_excerpt":null,"_links":{"self":[{"href":"https:\/\/aragonphotonics.com\/es\/wp-json\/wp\/v2\/pages\/88","targetHints":{"allow":["GET"]}}],"collection":[{"href":"https:\/\/aragonphotonics.com\/es\/wp-json\/wp\/v2\/pages"}],"about":[{"href":"https:\/\/aragonphotonics.com\/es\/wp-json\/wp\/v2\/types\/page"}],"author":[{"embeddable":true,"href":"https:\/\/aragonphotonics.com\/es\/wp-json\/wp\/v2\/users\/3"}],"replies":[{"embeddable":true,"href":"https:\/\/aragonphotonics.com\/es\/wp-json\/wp\/v2\/comments?post=88"}],"version-history":[{"count":49,"href":"https:\/\/aragonphotonics.com\/es\/wp-json\/wp\/v2\/pages\/88\/revisions"}],"predecessor-version":[{"id":5328,"href":"https:\/\/aragonphotonics.com\/es\/wp-json\/wp\/v2\/pages\/88\/revisions\/5328"}],"wp:attachment":[{"href":"https:\/\/aragonphotonics.com\/es\/wp-json\/wp\/v2\/media?parent=88"}],"curies":[{"name":"wp","href":"https:\/\/api.w.org\/{rel}","templated":true}]}}