{"id":617,"date":"2024-05-21T07:51:03","date_gmt":"2024-05-21T06:51:03","guid":{"rendered":"https:\/\/aragonphotonics.com\/es\/?page_id=617"},"modified":"2024-07-15T01:17:06","modified_gmt":"2024-07-14T23:17:06","slug":"informacion-legal","status":"publish","type":"page","link":"https:\/\/aragonphotonics.com\/es\/informacion-legal\/","title":{"rendered":"Informaci\u00f3n legal"},"content":{"rendered":"\n<div class=\"wp-block-uagb-container uagb-block-e66cd12f alignfull uagb-is-root-container\"><div class=\"uagb-container-inner-blocks-wrap\">\n<p>ARAGON PHOTONICS LABS S.L.U. ubicada en C \/ PRADO N\u00ba 5 LOCAL, 50009 ZARAGOZA.<\/p>\n\n\n\n<p>CIF ESB99030074.<\/p>\n\n\n\n<ol class=\"wp-block-list\">\n<li>Los derechos de propiedad intelectual de la p\u00e1gina <a href=\"https:\/\/aragonphotonics.com\/es\/\">www.aragonphotonics.com<\/a>, su c\u00f3digo fuente, dise\u00f1o, estructura de navegaci\u00f3n, bases de datos y los diferentes elementos contenidos en ella son propiedad de ARAGON PHOTONICS LABS SLU, a quien corresponde el ejercicio exclusivo de los derechos de explotaci\u00f3n de estos en cualquier forma y, en particular, los derechos de reproducci\u00f3n, distribuci\u00f3n, comunicaci\u00f3n p\u00fablica y transformaci\u00f3n.<\/li>\n\n\n\n<li>Estas condiciones generales regulan el acceso y uso del sitio web <a href=\"https:\/\/aragonphotonics.com\/es\/\">www.aragonphotonics.com<\/a>, que se pone gratuitamente a disposici\u00f3n de los usuarios de Internet. El acceso implica la aceptaci\u00f3n sin reservas. El uso de ciertos servicios ofrecidos en este sitio tambi\u00e9n estar\u00e1 regulado por las condiciones particulares proporcionadas en cada caso, las cuales se considerar\u00e1n aceptadas por el mero uso de dichos servicios.<\/li>\n\n\n\n<li>Se autoriza la visualizaci\u00f3n, impresi\u00f3n y descarga parcial del contenido web \u00fanica y exclusivamente si concurren las siguientes condiciones:<\/li>\n\n\n\n<li>Que sea compatible con los fines del sitio web <a href=\"https:\/\/aragonphotonics.com\/es\/\">www.aragonphotonics.com<\/a>.<\/li>\n\n\n\n<li>Que se lleve a cabo con el \u00fanico prop\u00f3sito de obtener la informaci\u00f3n contenida para uso personal y privado. Su uso para fines comerciales o para distribuci\u00f3n, comunicaci\u00f3n p\u00fablica, transformaci\u00f3n o modificaci\u00f3n est\u00e1 expresamente prohibido.<\/li>\n\n\n\n<li>Que ninguno de los contenidos relacionados en este sitio web sea modificado de ninguna manera.<\/li>\n\n\n\n<li>Que ning\u00fan gr\u00e1fico, icono o imagen disponible en este sitio web sea utilizado, copiado o distribuido separadamente del texto u otras im\u00e1genes que lo acompa\u00f1en.<\/li>\n\n\n\n<li>ARAGON PHOTONICS LABS S.L.U. se reserva el derecho de realizar, en cualquier momento y sin previo aviso, modificaciones y actualizaciones de la informaci\u00f3n contenida en su sitio web, su configuraci\u00f3n y presentaci\u00f3n, y las condiciones de acceso.<\/li>\n\n\n\n<li>ARAGON PHOTONICS LABS S.L.U. no garantiza la ausencia de interrupciones o errores en el acceso a la web, en su contenido, ni que este se encuentre actualizado, aunque desarrollar\u00e1 sus mejores esfuerzos para, en su caso, evitarlos, corregirlos o actualizarlos.<\/li>\n\n\n\n<li>Tanto el acceso a este sitio web como el uso que pueda hacerse de la informaci\u00f3n contenida en el mismo es de la exclusiva responsabilidad del usuario. ARAGON PHOTONICS LABS S.L.U. no se responsabiliza de las consecuencias, da\u00f1os o perjuicios que pudieran derivarse de dicho acceso o uso de la informaci\u00f3n. ARAGON PHOTONICS LABS S.L.U. no se hace responsable de posibles errores de seguridad que puedan producirse ni de posibles da\u00f1os que puedan causarse al sistema inform\u00e1tico del usuario (hardware y software), a sus archivos o documentos almacenados en el mismo, como consecuencia de la presencia de virus en el ordenador del usuario utilizado para la conexi\u00f3n a los servicios y contenidos de la web, de un mal funcionamiento del navegador o del uso de versiones no actualizadas del mismo.<\/li>\n\n\n\n<li>ARAGON PHOTONICS LABS S.L.U. no asume ninguna responsabilidad derivada de la concesi\u00f3n o contenidos de enlaces de terceros referidos en la web, ni garantiza la ausencia de virus u otros elementos en ellos que puedan causar alteraciones en el sistema inform\u00e1tico (hardware y software), documentos o archivos del usuario, excluyendo cualquier responsabilidad por da\u00f1os de cualquier tipo causados al usuario por esta raz\u00f3n.<\/li>\n\n\n\n<li>El uso no autorizado de la informaci\u00f3n contenida en este sitio web, su reventa, as\u00ed como la infracci\u00f3n de los derechos de propiedad intelectual de ARAGON PHOTONICS LABS S.L.U., dar\u00e1 lugar a las responsabilidades legalmente establecidas.<\/li>\n\n\n\n<li>Cualquier enlace de terceros a este sitio web debe dirigirse a su p\u00e1gina de inicio o p\u00e1gina de inicio de sesi\u00f3n.<\/li>\n\n\n\n<li>ARAGON PHOTONICS LABS S.L.U. y el usuario, renunciando expresamente a cualquier otra jurisdicci\u00f3n que pudiera corresponderles, se someten a los juzgados y tribunales del domicilio del usuario para cualquier disputa que pueda surgir del acceso a este sitio web. En caso de que el usuario se encuentre fuera de Espa\u00f1a, ARAGON PHOTONICS LABS S.L.U. y el usuario se someten, renunciando expresamente a cualquier otra jurisdicci\u00f3n, a los juzgados y tribunales de ZARAGOZA (Espa\u00f1a).<\/li>\n<\/ol>\n<\/div><\/div>\n","protected":false},"excerpt":{"rendered":"<p>ARAGON PHOTONICS LABS S.L.U. ubicada en C \/ PRADO N\u00ba 5 LOCAL, 50009 ZARAGOZA. CIF ESB99030074.<\/p>\n","protected":false},"author":3,"featured_media":0,"parent":0,"menu_order":0,"comment_status":"closed","ping_status":"closed","template":"","meta":{"_acf_changed":false,"_uag_custom_page_level_css":"","_genesis_hide_title":false,"_genesis_hide_breadcrumbs":false,"_genesis_hide_singular_image":false,"_genesis_hide_footer_widgets":false,"_genesis_custom_body_class":"","_genesis_custom_post_class":"","_genesis_layout":"","footnotes":""},"class_list":{"0":"post-617","1":"page","2":"type-page","3":"status-publish","5":"entry"},"acf":[],"uagb_featured_image_src":{"full":false,"thumbnail":false,"medium":false,"medium_large":false,"large":false,"1536x1536":false,"2048x2048":false,"gur_featured_image":false,"gur_blog_thumbnail":false,"gur_industries_thumbnail":false},"uagb_author_info":{"display_name":"Javier Incaelum","author_link":"https:\/\/aragonphotonics.com\/es\/author\/javier-incaelum\/"},"uagb_comment_info":0,"uagb_excerpt":"ARAGON PHOTONICS LABS S.L.U. ubicada en C \/ PRADO N\u00ba 5 LOCAL, 50009 ZARAGOZA. CIF ESB99030074.","_links":{"self":[{"href":"https:\/\/aragonphotonics.com\/es\/wp-json\/wp\/v2\/pages\/617","targetHints":{"allow":["GET"]}}],"collection":[{"href":"https:\/\/aragonphotonics.com\/es\/wp-json\/wp\/v2\/pages"}],"about":[{"href":"https:\/\/aragonphotonics.com\/es\/wp-json\/wp\/v2\/types\/page"}],"author":[{"embeddable":true,"href":"https:\/\/aragonphotonics.com\/es\/wp-json\/wp\/v2\/users\/3"}],"replies":[{"embeddable":true,"href":"https:\/\/aragonphotonics.com\/es\/wp-json\/wp\/v2\/comments?post=617"}],"version-history":[{"count":7,"href":"https:\/\/aragonphotonics.com\/es\/wp-json\/wp\/v2\/pages\/617\/revisions"}],"predecessor-version":[{"id":5322,"href":"https:\/\/aragonphotonics.com\/es\/wp-json\/wp\/v2\/pages\/617\/revisions\/5322"}],"wp:attachment":[{"href":"https:\/\/aragonphotonics.com\/es\/wp-json\/wp\/v2\/media?parent=617"}],"curies":[{"name":"wp","href":"https:\/\/api.w.org\/{rel}","templated":true}]}}