{"id":57,"date":"2024-05-03T08:51:28","date_gmt":"2024-05-03T07:51:28","guid":{"rendered":"https:\/\/aragonphotonics.com\/es\/?page_id=57"},"modified":"2024-09-23T09:40:54","modified_gmt":"2024-09-23T07:40:54","slug":"innovacion","status":"publish","type":"page","link":"https:\/\/aragonphotonics.com\/es\/innovacion\/","title":{"rendered":"Innovaci\u00f3n"},"content":{"rendered":"<div class=\"block-wrapper block-wrapper-cfb block-wrapper-header-image-video text-bg-wrapper background-as-attr\" data-image-src=\"https:\/\/aragonphotonics.com\/es\/wp-content\/uploads\/sites\/2\/2024\/05\/projects.webp\"><div class=\"container\"><div class=\"row\"><div class=\"col-12\"><h1 class=\"block-title\">Innovaci\u00f3n<\/h1><\/div><\/div><\/div><\/div><\/div>\n\n\n<div class=\"wp-block-uagb-container mt-5 mb-5 uagb-block-800e2160 default uagb-is-root-container\">\n<h2 class=\"wp-block-heading\">Innovemos juntos<\/h2>\n\n\n\n<p>Emb\u00e1rcate en un viaje que te cautivar\u00e1 y te llevar\u00e1 a explorar los l\u00edmites de lo posible, cuando la creatividad y la ingenier\u00eda de precisi\u00f3n se unen para producir soluciones tecnol\u00f3gicas innovadoras. Te invitamos a explorar nuestra secci\u00f3n de Innovaci\u00f3n, donde podr\u00e1s ver c\u00f3mo estamos redefiniendo constantemente el panorama tecnol\u00f3gico, desde innovaciones en detecci\u00f3n distribuida hasta avances en fot\u00f3nica.&nbsp;<\/p>\n\n\n\n<p>En Aragon Photonics, no solo aceptamos el cambio, sino que lo promovemos activamente. Acomp\u00e1\u00f1anos mientras ampliamos los l\u00edmites, establecemos alianzas que impulsar\u00e1n el cambio de la fot\u00f3nica y exploramos nuevos horizontes. Invitamos a empresas visionarias a colaborar con nosotros en proyectos innovadores que marcar\u00e1n el rumbo al futuro. Juntos, expandamos el \u00e1mbito de los posible y desarrollemos soluciones tecnol\u00f3gicas de vanguardia que definir\u00e1n los pr\u00f3ximos a\u00f1os. Descubre nuestros proyectos m\u00e1s destacados que tendr\u00e1n un impacto en el porvenir. \u00a1Bienvenido a la vanguardia de Aragon Photonics!&nbsp;<\/p>\n<\/div>\n\n\n<section class=\"block-wrapper block-wrapper-cfb corporate block-wrapper-projects\"><div class=\"container\"><div class=\"block-in-wrapper\"><h2 class=\"block-title text-start text-md-start text-lg-start\">Proyectos de innovaci\u00f3n<\/h2><div class=\"block-content\"><div class=\"posts-list-wrapper boxed\"><div class=\"row justify-content-center\"><div class=\"col-12 col-md-6 col-lg-3\"><div class=\"posts-list-post d-flex flex-column\"><h3 class=\"posts-list-post-title order-2\"><a href=\"https:\/\/aragonphotonics.com\/es\/proyectos-innovacion\/digivolcan\/\" title=\"Photonics DIGIVOLCAN\">DIGIVOLCAN<\/a><\/h3><div class=\"posts-list-post-image-wrapper order-1\"><a href=\"https:\/\/aragonphotonics.com\/es\/proyectos-innovacion\/digivolcan\/\" title=\"Photonics DIGIVOLCAN\"><img decoding=\"async\" class=\"img-fluid\" src=\"https:\/\/aragonphotonics.com\/es\/wp-content\/uploads\/sites\/2\/2024\/05\/volcan-1024x340.webp\" alt=\"Arag\u00f3n Potonics DIGIVOLCAN\"><\/a><\/div><div class=\"posts-list-post-excerpt order-3\"><div class=\"clearfix\" itemprop=\"text\"><p class=\"post-article-content-wrapper\">Resumen: El proyecto se debe a la observaci\u00f3n de <\/p><p class=\"readmore-wrapper\"><a href=\"https:\/\/aragonphotonics.com\/es\/proyectos-innovacion\/digivolcan\/\" class=\"more-link\" title=\"Leer m\u00e1s\">Leer m\u00e1s<\/a><\/p><\/div><\/div><\/div><\/div><div class=\"col-12 col-md-6 col-lg-3\"><div class=\"posts-list-post d-flex flex-column\"><h3 class=\"posts-list-post-title order-2\"><a href=\"https:\/\/aragonphotonics.com\/es\/proyectos-innovacion\/moditi\/\" title=\"Photonics MODITI\">MODITI<\/a><\/h3><div class=\"posts-list-post-image-wrapper order-1\"><a href=\"https:\/\/aragonphotonics.com\/es\/proyectos-innovacion\/moditi\/\" title=\"Photonics MODITI\"><img decoding=\"async\" class=\"img-fluid\" src=\"https:\/\/aragonphotonics.com\/es\/wp-content\/uploads\/sites\/2\/2024\/05\/roads-1024x683.webp\" alt=\"Arag\u00f3n Potonics MODITI\"><\/a><\/div><div class=\"posts-list-post-excerpt order-3\"><div class=\"clearfix\" itemprop=\"text\"><p class=\"post-article-content-wrapper\">Resumen: La topograf\u00eda lineal y la longitud de <\/p><p class=\"readmore-wrapper\"><a href=\"https:\/\/aragonphotonics.com\/es\/proyectos-innovacion\/moditi\/\" class=\"more-link\" title=\"Leer m\u00e1s\">Leer m\u00e1s<\/a><\/p><\/div><\/div><\/div><\/div><div class=\"col-12 col-md-6 col-lg-3\"><div class=\"posts-list-post d-flex flex-column\"><h3 class=\"posts-list-post-title order-2\"><a href=\"https:\/\/aragonphotonics.com\/es\/proyectos-innovacion\/psi\/\" title=\"Photonics PSI\">PSI<\/a><\/h3><div class=\"posts-list-post-image-wrapper order-1\"><a href=\"https:\/\/aragonphotonics.com\/es\/proyectos-innovacion\/psi\/\" title=\"Photonics PSI\"><img decoding=\"async\" class=\"img-fluid\" src=\"https:\/\/aragonphotonics.com\/es\/wp-content\/uploads\/sites\/2\/2024\/05\/psi-bg-1024x592.webp\" alt=\"Arag\u00f3n Potonics PSI\"><\/a><\/div><div class=\"posts-list-post-excerpt order-3\"><div class=\"clearfix\" itemprop=\"text\"><p class=\"post-article-content-wrapper\">Resumen: Los cables submarinos son esenciales para la <\/p><p class=\"readmore-wrapper\"><a href=\"https:\/\/aragonphotonics.com\/es\/proyectos-innovacion\/psi\/\" class=\"more-link\" title=\"Leer m\u00e1s\">Leer m\u00e1s<\/a><\/p><\/div><\/div><\/div><\/div><div class=\"col-12 col-md-6 col-lg-3\"><div class=\"posts-list-post d-flex flex-column\"><h3 class=\"posts-list-post-title order-2\"><a href=\"https:\/\/aragonphotonics.com\/es\/proyectos-innovacion\/sacoh\/\" title=\"Photonics SACOH\">SACOH<\/a><\/h3><div class=\"posts-list-post-image-wrapper order-1\"><a href=\"https:\/\/aragonphotonics.com\/es\/proyectos-innovacion\/sacoh\/\" title=\"Photonics SACOH\"><img decoding=\"async\" class=\"img-fluid\" src=\"https:\/\/aragonphotonics.com\/es\/wp-content\/uploads\/sites\/2\/2024\/05\/secure-1024x683.webp\" alt=\"Arag\u00f3n Potonics SACOH\"><\/a><\/div><div class=\"posts-list-post-excerpt order-3\"><div class=\"clearfix\" itemprop=\"text\"><p class=\"post-article-content-wrapper\">Resumen: La vigilancia de grandes infraestructuras <\/p><p class=\"readmore-wrapper\"><a href=\"https:\/\/aragonphotonics.com\/es\/proyectos-innovacion\/sacoh\/\" class=\"more-link\" title=\"Leer m\u00e1s\">Leer m\u00e1s<\/a><\/p><\/div><\/div><\/div><\/div><div class=\"col-12 col-md-6 col-lg-3\"><div class=\"posts-list-post d-flex flex-column\"><h3 class=\"posts-list-post-title order-2\"><a href=\"https:\/\/aragonphotonics.com\/es\/proyectos-innovacion\/safe\/\" title=\"Photonics SAFE\">SAFE<\/a><\/h3><div class=\"posts-list-post-image-wrapper order-1\"><a href=\"https:\/\/aragonphotonics.com\/es\/proyectos-innovacion\/safe\/\" title=\"Photonics SAFE\"><img decoding=\"async\" class=\"img-fluid\" src=\"https:\/\/aragonphotonics.com\/es\/wp-content\/uploads\/sites\/2\/2024\/05\/cables-1024x576.webp\" alt=\"Arag\u00f3n Potonics SAFE\"><\/a><\/div><div class=\"posts-list-post-excerpt order-3\"><div class=\"clearfix\" itemprop=\"text\"><p class=\"post-article-content-wrapper\">Resumen: Los tsunamis impredecibles puedes provocar <\/p><p class=\"readmore-wrapper\"><a href=\"https:\/\/aragonphotonics.com\/es\/proyectos-innovacion\/safe\/\" class=\"more-link\" title=\"Leer m\u00e1s\">Leer m\u00e1s<\/a><\/p><\/div><\/div><\/div><\/div><div class=\"col-12 col-md-6 col-lg-3\"><div class=\"posts-list-post d-flex flex-column\"><h3 class=\"posts-list-post-title order-2\"><a href=\"https:\/\/aragonphotonics.com\/es\/proyectos-innovacion\/soddier\/\" title=\"Photonics SODDIER\">SODDIER<\/a><\/h3><div class=\"posts-list-post-image-wrapper order-1\"><a href=\"https:\/\/aragonphotonics.com\/es\/proyectos-innovacion\/soddier\/\" title=\"Photonics SODDIER\"><img decoding=\"async\" class=\"img-fluid\" src=\"https:\/\/aragonphotonics.com\/es\/wp-content\/uploads\/sites\/2\/2024\/05\/solar-1024x684.webp\" alt=\"Arag\u00f3n Potonics SODDIER\"><\/a><\/div><div class=\"posts-list-post-excerpt order-3\"><div class=\"clearfix\" itemprop=\"text\"><p class=\"post-article-content-wrapper\">Resumen: Las infraestructuras de distribuci\u00f3n <\/p><p class=\"readmore-wrapper\"><a href=\"https:\/\/aragonphotonics.com\/es\/proyectos-innovacion\/soddier\/\" class=\"more-link\" title=\"Leer m\u00e1s\">Leer m\u00e1s<\/a><\/p><\/div><\/div><\/div><\/div><div class=\"col-12 col-md-6 col-lg-3\"><div class=\"posts-list-post d-flex flex-column\"><h3 class=\"posts-list-post-title order-2\"><a href=\"https:\/\/aragonphotonics.com\/es\/proyectos-innovacion\/tremors\/\" title=\"Photonics REMO\">REMO<\/a><\/h3><div class=\"posts-list-post-image-wrapper order-1\"><a href=\"https:\/\/aragonphotonics.com\/es\/proyectos-innovacion\/tremors\/\" title=\"Photonics REMO\"><img decoding=\"async\" class=\"img-fluid\" src=\"https:\/\/aragonphotonics.com\/es\/wp-content\/uploads\/sites\/2\/2024\/05\/tremorns-1024x576.webp\" alt=\"Arag\u00f3n Potonics REMO\"><\/a><\/div><div class=\"posts-list-post-excerpt order-3\"><div class=\"clearfix\" itemprop=\"text\"><p class=\"post-article-content-wrapper\">Resumen: Este proyecto aborda un tema fundamental, a <\/p><p class=\"readmore-wrapper\"><a href=\"https:\/\/aragonphotonics.com\/es\/proyectos-innovacion\/tremors\/\" class=\"more-link\" title=\"Leer m\u00e1s\">Leer m\u00e1s<\/a><\/p><\/div><\/div><\/div><\/div><div class=\"col-12 col-md-6 col-lg-3\"><div class=\"posts-list-post d-flex flex-column\"><h3 class=\"posts-list-post-title order-2\"><a href=\"https:\/\/aragonphotonics.com\/es\/proyectos-innovacion\/infotherm\/\" title=\"Photonics INFOTHERM\">INFOTHERM<\/a><\/h3><div class=\"posts-list-post-image-wrapper order-1\"><a href=\"https:\/\/aragonphotonics.com\/es\/proyectos-innovacion\/infotherm\/\" title=\"Photonics INFOTHERM\"><img decoding=\"async\" class=\"img-fluid\" src=\"https:\/\/aragonphotonics.com\/es\/wp-content\/uploads\/sites\/2\/2024\/06\/shutterstock_2249229633-1024x682.jpg\" alt=\"Arag\u00f3n Potonics INFOTHERM\"><\/a><\/div><div class=\"posts-list-post-excerpt order-3\"><div class=\"clearfix\" itemprop=\"text\"><p class=\"post-article-content-wrapper\">Resumen: La medici\u00f3n y el control de la temperatura <\/p><p class=\"readmore-wrapper\"><a href=\"https:\/\/aragonphotonics.com\/es\/proyectos-innovacion\/infotherm\/\" class=\"more-link\" title=\"Leer m\u00e1s\">Leer m\u00e1s<\/a><\/p><\/div><\/div><\/div><\/div><div class=\"col-12 col-md-6 col-lg-3\"><div class=\"posts-list-post d-flex flex-column\"><h3 class=\"posts-list-post-title order-2\"><a href=\"https:\/\/aragonphotonics.com\/es\/proyectos-innovacion\/gambit\/\" title=\"Photonics GAMBIT\">GAMBIT<\/a><\/h3><div class=\"posts-list-post-image-wrapper order-1\"><a href=\"https:\/\/aragonphotonics.com\/es\/proyectos-innovacion\/gambit\/\" title=\"Photonics GAMBIT\"><img decoding=\"async\" class=\"img-fluid\" src=\"https:\/\/aragonphotonics.com\/es\/wp-content\/uploads\/sites\/2\/2024\/07\/shutterstock_703003783-1024x520.jpg\" alt=\"Arag\u00f3n Potonics GAMBIT\"><\/a><\/div><div class=\"posts-list-post-excerpt order-3\"><div class=\"clearfix\" itemprop=\"text\"><p class=\"post-article-content-wrapper\">Resumen: Dado que se ha informado que m\u00e1s del 90% de la <\/p><p class=\"readmore-wrapper\"><a href=\"https:\/\/aragonphotonics.com\/es\/proyectos-innovacion\/gambit\/\" class=\"more-link\" title=\"Leer m\u00e1s\">Leer m\u00e1s<\/a><\/p><\/div><\/div><\/div><\/div><div class=\"col-12 col-md-6 col-lg-3\"><div class=\"posts-list-post d-flex flex-column\"><h3 class=\"posts-list-post-title order-2\"><a href=\"https:\/\/aragonphotonics.com\/es\/proyectos-innovacion\/forte\/\" title=\"Photonics FORTE\">FORTE<\/a><\/h3><div class=\"posts-list-post-image-wrapper order-1\"><a href=\"https:\/\/aragonphotonics.com\/es\/proyectos-innovacion\/forte\/\" title=\"Photonics FORTE\"><img decoding=\"async\" class=\"img-fluid\" src=\"https:\/\/aragonphotonics.com\/es\/wp-content\/uploads\/sites\/2\/2024\/09\/IMG_1745_ok-1-1024x446.jpg\" alt=\"Arag\u00f3n Potonics FORTE\"><\/a><\/div><div class=\"posts-list-post-excerpt order-3\"><div class=\"clearfix\" itemprop=\"text\"><p class=\"post-article-content-wrapper\">Resumen: El proyecto FORTE se basa en una tecnolog\u00eda <\/p><p class=\"readmore-wrapper\"><a href=\"https:\/\/aragonphotonics.com\/es\/proyectos-innovacion\/forte\/\" class=\"more-link\" title=\"Leer m\u00e1s\">Leer m\u00e1s<\/a><\/p><\/div><\/div><\/div><\/div><\/div><\/div><\/div><\/div><\/div><\/section>\n\n<div class=\"block-wrapper block-wrapper-cfb block-wrapper-banner background-as-attr\" data-image-src=\"https:\/\/aragonphotonics.com\/es\/wp-content\/uploads\/sites\/2\/2024\/05\/banner-contact-home.jpg\"><div class=\"container\"><div class=\"row align-items-center\"><div class=\"col-12\"><div class=\"content-wrapper\"><div class=\"text-wrapper\"><h2 class=\"block-title\">\u00danete a nuestro ecosistema de innovaci\u00f3n<\/h2><div class=\"block-description\"><p><span class=\"TextRun SCXW264362750 BCX0\" lang=\"ES-ES\" xml:lang=\"ES-ES\" data-contrast=\"auto\"><span class=\"NormalTextRun SCXW264362750 BCX0\">Nuestra tecnolog\u00eda dota a tus proyectos de una precisi\u00f3n y fiabilidad excepcionales, asegurando tu \u00e9xito incluso en los entornos m\u00e1s desafi<\/span><span class=\"NormalTextRun SCXW264362750 BCX0\">antes. \u00danete a nosotros y mejora <\/span><span class=\"NormalTextRun SCXW264362750 BCX0\">tus capacidades<\/span><span class=\"NormalTextRun SCXW264362750 BCX0\"> para estar a la altura de los est\u00e1ndares industriales del futuro.<\/span><\/span><span class=\"EOP SCXW264362750 BCX0\" data-ccp-props=\"{&quot;201341983&quot;:0,&quot;335559739&quot;:160,&quot;335559740&quot;:279}\">\u00a0<\/span><\/p>\n<\/div><\/div><div class=\"block-cta-wrapper\"><a class=\"btn btn-action modal-launcher\" title=\"Contacto\" data-type=\"modal\" data-rel=\"66\" data-size=\"md\">Sumemos fuerzas<\/a><\/div><\/div><\/div><\/div><\/div><\/div>\n\n<section class=\"block-wrapper block-wrapper-cfb no-cover corporate block-wrapper-gallery\"><div class=\"container\"><div class=\"block-in-wrapper\"><h2 class=\"block-title\">Socios industriales<\/h2><div class=\"block-description\"><p>Nuestros colaboradores industriales son fundamentales para el desarrollo de nuestra empresa, compartiendo nuestros valores de calidad y compromiso. Descubre c\u00f3mo nuestras alianzas fortalecen nuestra capacidad para ofrecer soluciones de vanguardia y cumplir con las demandas cambiantes del mercado.<\/p>\n<\/div><div class=\"gur-block-gallery gur-block-gallery-slider has-slick-slider\" data-slick-show=\"2,2,1\" data-slick-scroll=\"2,2,1\" data-slick-autoplay=\"true\" data-slick-infinite=\"true\" data-slick-arrows=\"true\" data-slick-dots=\"true\"data-slick-centermode=\"true\"><div class=\"item\"><div class=\"image-wrapper a-ratio a-ratio-16x9\"><img decoding=\"async\" src=\"https:\/\/aragonphotonics.com\/es\/wp-content\/uploads\/sites\/2\/2024\/05\/telux.webp\" alt=\"Telxius\" class=\"img-fluid\"><\/div><\/div><div class=\"item\"><div class=\"image-wrapper a-ratio a-ratio-16x9\"><img decoding=\"async\" src=\"https:\/\/aragonphotonics.com\/es\/wp-content\/uploads\/sites\/2\/2024\/05\/afix_logo.webp\" alt=\"AFR\" class=\"img-fluid\"><\/div><\/div><div class=\"item\"><div class=\"image-wrapper a-ratio a-ratio-16x9\"><img decoding=\"async\" src=\"https:\/\/aragonphotonics.com\/es\/wp-content\/uploads\/sites\/2\/2024\/05\/repsol.webp\" alt=\"Repsol\" class=\"img-fluid\"><\/div><\/div><div class=\"item\"><div class=\"image-wrapper a-ratio a-ratio-16x9\"><img decoding=\"async\" src=\"https:\/\/aragonphotonics.com\/es\/wp-content\/uploads\/sites\/2\/2024\/05\/adif.webp\" alt=\"Adif\" class=\"img-fluid\"><\/div><\/div><div class=\"item\"><div class=\"image-wrapper a-ratio a-ratio-16x9\"><img decoding=\"async\" src=\"https:\/\/aragonphotonics.com\/es\/wp-content\/uploads\/sites\/2\/2024\/05\/redeia.webp\" alt=\"Redeia\" class=\"img-fluid\"><\/div><\/div><div class=\"item\"><div class=\"image-wrapper a-ratio a-ratio-16x9\"><img decoding=\"async\" src=\"https:\/\/aragonphotonics.com\/es\/wp-content\/uploads\/sites\/2\/2024\/05\/fiber.webp\" alt=\"Fibercom\" class=\"img-fluid\"><\/div><\/div><\/div><\/div><\/div><\/section>\n\n<section class=\"block-wrapper block-wrapper-cfb no-cover corporate block-wrapper-gallery\"><div class=\"container\"><div class=\"block-in-wrapper\"><h2 class=\"block-title\">Socios tecnol\u00f3gicos<\/h2><div class=\"block-description\"><p>Nuestros socios tecnol\u00f3gicos son s\u00edmbolo de innovaci\u00f3n y excelencia en sus respectivos campos. Juntos, avanzamos hacia el futuro integrando las \u00faltimas tecnolog\u00edas para ofrecer soluciones punteras que transforman el panorama empresarial. Descubre c\u00f3mo estas asociaciones reflejan nuestro compromiso con la excelencia tecnol\u00f3gica.\u00a0\u00a0<\/p>\n<\/div><div class=\"gur-block-gallery gur-block-gallery-slider has-slick-slider\" data-slick-show=\"2,2,1\" data-slick-scroll=\"2,2,1\" data-slick-autoplay=\"true\" data-slick-infinite=\"true\" data-slick-arrows=\"true\" data-slick-dots=\"true\"data-slick-centermode=\"true\"><div class=\"item\"><div class=\"image-wrapper a-ratio a-ratio-16x9\"><img decoding=\"async\" src=\"https:\/\/aragonphotonics.com\/es\/wp-content\/uploads\/sites\/2\/2024\/05\/laguna.webp\" alt=\"Universidad de La Laguna\" class=\"img-fluid\"><\/div><\/div><div class=\"item\"><div class=\"image-wrapper a-ratio a-ratio-16x9\"><img decoding=\"async\" src=\"https:\/\/aragonphotonics.com\/es\/wp-content\/uploads\/sites\/2\/2024\/05\/logo-volcan.webp\" alt=\"Volvan\" class=\"img-fluid\"><\/div><\/div><div class=\"item\"><div class=\"image-wrapper a-ratio a-ratio-16x9\"><img decoding=\"async\" src=\"https:\/\/aragonphotonics.com\/es\/wp-content\/uploads\/sites\/2\/2024\/05\/logo-icm.webp\" alt=\"Instituto de ciencias del mar\" class=\"img-fluid\"><\/div><\/div><div class=\"item\"><div class=\"image-wrapper a-ratio a-ratio-16x9\"><img decoding=\"async\" src=\"https:\/\/aragonphotonics.com\/es\/wp-content\/uploads\/sites\/2\/2024\/05\/vivolab.webp\" alt=\"VIVO LAB\" class=\"img-fluid\"><\/div><\/div><div class=\"item\"><div class=\"image-wrapper a-ratio a-ratio-16x9\"><img decoding=\"async\" src=\"https:\/\/aragonphotonics.com\/es\/wp-content\/uploads\/sites\/2\/2024\/05\/logo-gt.webp\" alt=\"GTF\" class=\"img-fluid\"><\/div><\/div><div class=\"item\"><div class=\"image-wrapper a-ratio a-ratio-16x9\"><img decoding=\"async\" src=\"https:\/\/aragonphotonics.com\/es\/wp-content\/uploads\/sites\/2\/2024\/05\/granada.webp\" alt=\"Universidad de Granada\" class=\"img-fluid\"><\/div><\/div><div class=\"item\"><div class=\"image-wrapper a-ratio a-ratio-16x9\"><img decoding=\"async\" src=\"https:\/\/aragonphotonics.com\/es\/wp-content\/uploads\/sites\/2\/2024\/05\/iter.webp\" alt=\"ITER\" class=\"img-fluid\"><\/div><\/div><div class=\"item\"><div class=\"image-wrapper a-ratio a-ratio-16x9\"><img decoding=\"async\" src=\"https:\/\/aragonphotonics.com\/es\/wp-content\/uploads\/sites\/2\/2024\/05\/unizar.webp\" alt=\"Unizar\" class=\"img-fluid\"><\/div><\/div><\/div><\/div><\/div><\/section>","protected":false},"excerpt":{"rendered":"<p>Innovemos juntos Emb\u00e1rcate en un viaje que te cautivar\u00e1 y te llevar\u00e1 a explorar los l\u00edmites de lo posible, cuando la creatividad y la ingenier\u00eda de precisi\u00f3n se unen para producir soluciones tecnol\u00f3gicas innovadoras. Te invitamos a explorar nuestra secci\u00f3n de Innovaci\u00f3n, donde podr\u00e1s ver c\u00f3mo estamos redefiniendo constantemente el panorama tecnol\u00f3gico, desde innovaciones en [&hellip;]<\/p>\n","protected":false},"author":3,"featured_media":5249,"parent":0,"menu_order":0,"comment_status":"closed","ping_status":"closed","template":"","meta":{"_acf_changed":false,"_uag_custom_page_level_css":"","_genesis_hide_title":true,"_genesis_hide_breadcrumbs":false,"_genesis_hide_singular_image":false,"_genesis_hide_footer_widgets":false,"_genesis_custom_body_class":"","_genesis_custom_post_class":"","_genesis_layout":"","footnotes":""},"class_list":{"0":"post-57","1":"page","2":"type-page","3":"status-publish","4":"has-post-thumbnail","6":"entry"},"acf":[],"uagb_featured_image_src":{"full":["https:\/\/aragonphotonics.com\/es\/wp-content\/uploads\/sites\/2\/2024\/07\/shutterstock_703003783-scaled.jpg",2560,1299,false],"thumbnail":["https:\/\/aragonphotonics.com\/es\/wp-content\/uploads\/sites\/2\/2024\/07\/shutterstock_703003783-150x150.jpg",150,150,true],"medium":["https:\/\/aragonphotonics.com\/es\/wp-content\/uploads\/sites\/2\/2024\/07\/shutterstock_703003783-300x152.jpg",300,152,true],"medium_large":["https:\/\/aragonphotonics.com\/es\/wp-content\/uploads\/sites\/2\/2024\/07\/shutterstock_703003783-768x390.jpg",768,390,true],"large":["https:\/\/aragonphotonics.com\/es\/wp-content\/uploads\/sites\/2\/2024\/07\/shutterstock_703003783-1024x520.jpg",1024,520,true],"1536x1536":["https:\/\/aragonphotonics.com\/es\/wp-content\/uploads\/sites\/2\/2024\/07\/shutterstock_703003783-1536x779.jpg",1536,779,true],"2048x2048":["https:\/\/aragonphotonics.com\/es\/wp-content\/uploads\/sites\/2\/2024\/07\/shutterstock_703003783-2048x1039.jpg",2048,1039,true],"gur_featured_image":["https:\/\/aragonphotonics.com\/es\/wp-content\/uploads\/sites\/2\/2024\/07\/shutterstock_703003783-1200x630.jpg",1200,630,true],"gur_blog_thumbnail":["https:\/\/aragonphotonics.com\/es\/wp-content\/uploads\/sites\/2\/2024\/07\/shutterstock_703003783-400x203.jpg",400,203,true],"gur_industries_thumbnail":["https:\/\/aragonphotonics.com\/es\/wp-content\/uploads\/sites\/2\/2024\/07\/shutterstock_703003783-400x300.jpg",400,300,true]},"uagb_author_info":{"display_name":"Javier Incaelum","author_link":"https:\/\/aragonphotonics.com\/es\/author\/javier-incaelum\/"},"uagb_comment_info":0,"uagb_excerpt":"Innovemos juntos Emb\u00e1rcate en un viaje que te cautivar\u00e1 y te llevar\u00e1 a explorar los l\u00edmites de lo posible, cuando la creatividad y la ingenier\u00eda de precisi\u00f3n se unen para producir soluciones tecnol\u00f3gicas innovadoras. Te invitamos a explorar nuestra secci\u00f3n de Innovaci\u00f3n, donde podr\u00e1s ver c\u00f3mo estamos redefiniendo constantemente el panorama tecnol\u00f3gico, desde innovaciones en&hellip;","_links":{"self":[{"href":"https:\/\/aragonphotonics.com\/es\/wp-json\/wp\/v2\/pages\/57","targetHints":{"allow":["GET"]}}],"collection":[{"href":"https:\/\/aragonphotonics.com\/es\/wp-json\/wp\/v2\/pages"}],"about":[{"href":"https:\/\/aragonphotonics.com\/es\/wp-json\/wp\/v2\/types\/page"}],"author":[{"embeddable":true,"href":"https:\/\/aragonphotonics.com\/es\/wp-json\/wp\/v2\/users\/3"}],"replies":[{"embeddable":true,"href":"https:\/\/aragonphotonics.com\/es\/wp-json\/wp\/v2\/comments?post=57"}],"version-history":[{"count":48,"href":"https:\/\/aragonphotonics.com\/es\/wp-json\/wp\/v2\/pages\/57\/revisions"}],"predecessor-version":[{"id":5424,"href":"https:\/\/aragonphotonics.com\/es\/wp-json\/wp\/v2\/pages\/57\/revisions\/5424"}],"wp:featuredmedia":[{"embeddable":true,"href":"https:\/\/aragonphotonics.com\/es\/wp-json\/wp\/v2\/media\/5249"}],"wp:attachment":[{"href":"https:\/\/aragonphotonics.com\/es\/wp-json\/wp\/v2\/media?parent=57"}],"curies":[{"name":"wp","href":"https:\/\/api.w.org\/{rel}","templated":true}]}}