{"id":4487,"date":"2024-05-28T13:05:05","date_gmt":"2024-05-28T12:05:05","guid":{"rendered":"https:\/\/aragonphotonics.com\/es\/?page_id=4487"},"modified":"2024-07-08T08:39:53","modified_gmt":"2024-07-08T06:39:53","slug":"productos","status":"publish","type":"page","link":"https:\/\/aragonphotonics.com\/es\/productos\/","title":{"rendered":"Productos"},"content":{"rendered":"<div class=\"block-wrapper block-wrapper-cfb block-wrapper-header-image-video text-bg-wrapper background-as-attr\" data-image-src=\"https:\/\/aragonphotonics.com\/es\/wp-content\/uploads\/sites\/2\/2024\/05\/products.webp\"><div class=\"container\"><div class=\"row\"><div class=\"col-12\"><h1 class=\"block-title\">Productos<\/h1><\/div><\/div><\/div><\/div><\/div>\n\n\n<div class=\"wp-block-uagb-container mt-5 mb-5 uagb-block-62905722 default uagb-is-root-container\">\n<h2 class=\"wp-block-heading\"><strong><strong>Sensor de detecci\u00f3n ac\u00fastica distribuido<\/strong>\u00a0<\/strong><\/h2>\n\n\n\n<p>Estos productos representan una innovaci\u00f3n en el \u00e1mbito del monitoreo y la detecci\u00f3n, utilizando la dispersi\u00f3n Rayleigh en fibras \u00f3pticas. Mediante esta propiedad, el DAS transforma los cables en una red de sensores distribuidos sensibles y vers\u00e1tiles. Puede detectar vibraciones y perturbaciones en la fibra, permitiendo monitorear movimientos s\u00edsmicos y cambios ambientales. Esta capacidad no solo permite la detecci\u00f3n temprana de problemas, sino que tambi\u00e9n ofrece una comprensi\u00f3n m\u00e1s profunda de la din\u00e1mica del sistema, fundamental para la gesti\u00f3n eficaz de infraestructuras cr\u00edticas. Los productos DAS est\u00e1n revolucionando la precisi\u00f3n en la monitorizaci\u00f3n de infraestructuras cr\u00edticas y estableciendo nuevos est\u00e1ndares en seguridad y eficiencia.\u00a0\u00a0\u00a0<\/p>\n\n\n\n<h2 class=\"wp-block-heading\"><strong><strong>Sensor de detecci\u00f3n de temperatura distribuido<\/strong>\u00a0<\/strong><\/h2>\n\n\n\n<p>Este tipo de sensores representa una innovaci\u00f3n en el monitoreo de temperatura, utilizando el fen\u00f3meno de dispersi\u00f3n Brillouin. Aplicando este principio f\u00edsico, el DTS mide la temperatura a lo largo de la fibra \u00f3ptica de manera precisa. Esto convierte los cables de fibra \u00f3ptica en una red de sensores de temperatura distribuida, ideal para aplicaciones en diversos sectores, como la industria energ\u00e9tica y la gesti\u00f3n de infraestructuras. Al aprovechar la dispersi\u00f3n Brillouin, los productos DTS proporcionan una herramienta precisa y eficaz para el monitoreo y protecci\u00f3n de activos cr\u00edticos.\u00a0\u00a0<\/p>\n<\/div>\n\n\n<section class=\"block-wrapper block-wrapper-cfb corporate block-wrapper-products\"><div class=\"container\"><div class=\"block-in-wrapper\"><h2 class=\"block-title\">Descubre nuestros productos<\/h2><div class=\"block-content\"><div class=\"posts-list-wrapper boxed\"><div class=\"row justify-content-center\"><div class=\"col-12 col-md-6 col-lg-6\"><article class=\"posts-list-post d-flex flex-column\"><h3 class=\"posts-list-post-title order-2\"><a href=\"https:\/\/aragonphotonics.com\/es\/productos\/blast\/\" title=\"Photonics BLAST\">BLAST<\/a><\/h3><div class=\"posts-list-post-image-wrapper order-1\"><a href=\"https:\/\/aragonphotonics.com\/es\/productos\/blast\/\" title=\"Photonics BLAST\"><img decoding=\"async\" class=\"img-fluid\" src=\"https:\/\/aragonphotonics.com\/es\/wp-content\/uploads\/sites\/2\/2024\/05\/blast-main-1024x683.webp\" alt=\"Arag\u00f3n Potonics BLAST\"><\/a><\/div><div class=\"posts-list-post-excerpt order-3\"><div class=\"clearfix\" itemprop=\"text\">Brillouin Loop Analyzer of Strain and Temperature<\/div><\/div><div class=\"cta-wrapper order-last\"><a class=\"btn btn-primary btn-action\" href=\"https:\/\/aragonphotonics.com\/es\/productos\/blast\/\" title=\"Ver producto\">Ver producto <\/a><\/div><\/article><\/div><div class=\"col-12 col-md-6 col-lg-6\"><article class=\"posts-list-post d-flex flex-column\"><h3 class=\"posts-list-post-title order-2\"><a href=\"https:\/\/aragonphotonics.com\/es\/productos\/hdas\/\" title=\"Photonics HDAS\">HDAS<\/a><\/h3><div class=\"posts-list-post-image-wrapper order-1\"><a href=\"https:\/\/aragonphotonics.com\/es\/productos\/hdas\/\" title=\"Photonics HDAS\"><img decoding=\"async\" class=\"img-fluid\" src=\"https:\/\/aragonphotonics.com\/es\/wp-content\/uploads\/sites\/2\/2024\/05\/hdas-main-1024x683.webp\" alt=\"Arag\u00f3n Potonics HDAS\"><\/a><\/div><div class=\"posts-list-post-excerpt order-3\"><div class=\"clearfix\" itemprop=\"text\">High-Fidelity Distributed Acoustic Sensor<\/div><\/div><div class=\"cta-wrapper order-last\"><a class=\"btn btn-primary btn-action\" href=\"https:\/\/aragonphotonics.com\/es\/productos\/hdas\/\" title=\"Ver producto\">Ver producto <\/a><\/div><\/article><\/div><\/div><\/div><\/div><\/div><\/div><\/section>","protected":false},"excerpt":{"rendered":"<p>Sensor de detecci\u00f3n ac\u00fastica distribuido\u00a0 Estos productos representan una innovaci\u00f3n en el \u00e1mbito del monitoreo y la detecci\u00f3n, utilizando la dispersi\u00f3n Rayleigh en fibras \u00f3pticas. Mediante esta propiedad, el DAS transforma los cables en una red de sensores distribuidos sensibles y vers\u00e1tiles. Puede detectar vibraciones y perturbaciones en la fibra, permitiendo monitorear movimientos s\u00edsmicos y [&hellip;]<\/p>\n","protected":false},"author":3,"featured_media":0,"parent":0,"menu_order":0,"comment_status":"closed","ping_status":"closed","template":"","meta":{"_acf_changed":false,"_uag_custom_page_level_css":"","_genesis_hide_title":true,"_genesis_hide_breadcrumbs":false,"_genesis_hide_singular_image":false,"_genesis_hide_footer_widgets":false,"_genesis_custom_body_class":"","_genesis_custom_post_class":"","_genesis_layout":"","footnotes":""},"class_list":{"0":"post-4487","1":"page","2":"type-page","3":"status-publish","5":"entry"},"acf":[],"uagb_featured_image_src":{"full":false,"thumbnail":false,"medium":false,"medium_large":false,"large":false,"1536x1536":false,"2048x2048":false,"gur_featured_image":false,"gur_blog_thumbnail":false,"gur_industries_thumbnail":false},"uagb_author_info":{"display_name":"Javier Incaelum","author_link":"https:\/\/aragonphotonics.com\/es\/author\/javier-incaelum\/"},"uagb_comment_info":0,"uagb_excerpt":"Sensor de detecci\u00f3n ac\u00fastica distribuido\u00a0 Estos productos representan una innovaci\u00f3n en el \u00e1mbito del monitoreo y la detecci\u00f3n, utilizando la dispersi\u00f3n Rayleigh en fibras \u00f3pticas. Mediante esta propiedad, el DAS transforma los cables en una red de sensores distribuidos sensibles y vers\u00e1tiles. Puede detectar vibraciones y perturbaciones en la fibra, permitiendo monitorear movimientos s\u00edsmicos y&hellip;","_links":{"self":[{"href":"https:\/\/aragonphotonics.com\/es\/wp-json\/wp\/v2\/pages\/4487","targetHints":{"allow":["GET"]}}],"collection":[{"href":"https:\/\/aragonphotonics.com\/es\/wp-json\/wp\/v2\/pages"}],"about":[{"href":"https:\/\/aragonphotonics.com\/es\/wp-json\/wp\/v2\/types\/page"}],"author":[{"embeddable":true,"href":"https:\/\/aragonphotonics.com\/es\/wp-json\/wp\/v2\/users\/3"}],"replies":[{"embeddable":true,"href":"https:\/\/aragonphotonics.com\/es\/wp-json\/wp\/v2\/comments?post=4487"}],"version-history":[{"count":14,"href":"https:\/\/aragonphotonics.com\/es\/wp-json\/wp\/v2\/pages\/4487\/revisions"}],"predecessor-version":[{"id":5152,"href":"https:\/\/aragonphotonics.com\/es\/wp-json\/wp\/v2\/pages\/4487\/revisions\/5152"}],"wp:attachment":[{"href":"https:\/\/aragonphotonics.com\/es\/wp-json\/wp\/v2\/media?parent=4487"}],"curies":[{"name":"wp","href":"https:\/\/api.w.org\/{rel}","templated":true}]}}