{"id":4482,"date":"2024-05-28T12:41:08","date_gmt":"2024-05-28T11:41:08","guid":{"rendered":"https:\/\/aragonphotonics.com\/es\/?page_id=4482"},"modified":"2025-01-14T13:51:41","modified_gmt":"2025-01-14T11:51:41","slug":"mercados","status":"publish","type":"page","link":"https:\/\/aragonphotonics.com\/es\/mercados\/","title":{"rendered":"Soluciones de mercado"},"content":{"rendered":"<div class=\"block-wrapper block-wrapper-cfb block-wrapper-header-image-video text-bg-wrapper background-as-attr\" data-image-src=\"https:\/\/aragonphotonics.com\/es\/wp-content\/uploads\/sites\/2\/2024\/05\/smart-coty-scaled.webp\"><div class=\"container\"><div class=\"row\"><div class=\"col-12\"><h1 class=\"block-title\">Mercados<\/h1><\/div><\/div><\/div><\/div><\/div>\n\n\n<div class=\"wp-block-uagb-container mt-5 mb-5 uagb-block-800e2160 default uagb-is-root-container\">\n<h2 class=\"wp-block-heading\">Sensado Distribuido sobre Fibra \u00d3ptica<\/h2>\n\n\n\n<p>En el \u00e1mbito de la monitorizaci\u00f3n y la detecci\u00f3n, la elecci\u00f3n entre sensores puntuales y distribuidos depende de las necesidades del sistema. Los sensores puntuales miden propiedades en ubicaciones espec\u00edficas, dando informaci\u00f3n precisa pero limitada, similar a un term\u00f3metro. En contraste, los sensores distribuidos, como los de una red de fibra \u00f3ptica, recopilan datos de m\u00faltiples puntos, ofreciendo una cobertura m\u00e1s amplia y detectando variaciones tanto espaciales como temporales. Mientras que los sensores puntuales son muy precisos en puntos espec\u00edficos, los sensores distribuidos proporcionan una visi\u00f3n m\u00e1s completa y detallada del entorno.&nbsp;&nbsp;<\/p>\n<\/div>\n\n\n<div class=\"the-content\"><div class=\"block-wrapper block-wrapper-cfb block-wrapper-industies\"><div class=\"container\"><h2 class=\"block-title\">Descubre nuestras soluciones para industrias y aplicaciones<\/h2><div class=\"row justify-content-center\"><div class=\"col-lg-3 col-sm-6 col-industry mb-5\"><a href=\"https:\/\/aragonphotonics.com\/es\/industrias\/seismic-activity\/\" title=\"S\u00edsmico\"><div class=\"industry-content\"><h3 class=\"industry-title\">S\u00edsmico<\/h3><div class=\"image\"><img decoding=\"async\" src=\"https:\/\/aragonphotonics.com\/es\/wp-content\/uploads\/sites\/2\/2024\/05\/sistems.svg\" class=\"img-fluid\" alt=\"icon\" \/><\/div><\/div><\/a><\/div><div class=\"col-lg-3 col-sm-6 col-industry mb-5\"><a href=\"https:\/\/aragonphotonics.com\/es\/industrias\/seguridad\/\" title=\"Seguridad\"><div class=\"industry-content\"><h3 class=\"industry-title\">Seguridad<\/h3><div class=\"image\"><img decoding=\"async\" src=\"https:\/\/aragonphotonics.com\/es\/wp-content\/uploads\/sites\/2\/2024\/05\/security.svg\" class=\"img-fluid\" alt=\"icon\" \/><\/div><\/div><\/a><\/div><div class=\"col-lg-3 col-sm-6 col-industry mb-5\"><a href=\"https:\/\/aragonphotonics.com\/es\/industrias\/energia-electrica\/\" title=\"Energ\u00eda el\u00e9ctrica\"><div class=\"industry-content\"><h3 class=\"industry-title\">Energ\u00eda el\u00e9ctrica<\/h3><div class=\"image\"><img decoding=\"async\" src=\"https:\/\/aragonphotonics.com\/es\/wp-content\/uploads\/sites\/2\/2024\/05\/power.svg\" class=\"img-fluid\" alt=\"icon\" \/><\/div><\/div><\/a><\/div><div class=\"col-lg-3 col-sm-6 col-industry mb-5\"><a href=\"https:\/\/aragonphotonics.com\/es\/industrias\/ferroviario\/\" title=\"Ferroviario\"><div class=\"industry-content\"><h3 class=\"industry-title\">Ferroviario<\/h3><div class=\"image\"><img decoding=\"async\" src=\"https:\/\/aragonphotonics.com\/es\/wp-content\/uploads\/sites\/2\/2024\/05\/train.svg\" class=\"img-fluid\" alt=\"icon\" \/><\/div><\/div><\/a><\/div><div class=\"col-lg-3 col-sm-6 col-industry mb-5\"><a href=\"https:\/\/aragonphotonics.com\/es\/industrias\/agua\/\" title=\"Agua\"><div class=\"industry-content\"><h3 class=\"industry-title\">Agua<\/h3><div class=\"image\"><img decoding=\"async\" src=\"https:\/\/aragonphotonics.com\/es\/wp-content\/uploads\/sites\/2\/2024\/05\/water.svg\" class=\"img-fluid\" alt=\"icon\" \/><\/div><\/div><\/a><\/div><div class=\"col-lg-3 col-sm-6 col-industry mb-5\"><a href=\"https:\/\/aragonphotonics.com\/es\/industrias\/carreteras\/\" title=\"Carreteras\"><div class=\"industry-content\"><h3 class=\"industry-title\">Carreteras<\/h3><div class=\"image\"><img decoding=\"async\" src=\"https:\/\/aragonphotonics.com\/es\/wp-content\/uploads\/sites\/2\/2024\/05\/Highways.svg\" class=\"img-fluid\" alt=\"icon\" \/><\/div><\/div><\/a><\/div><div class=\"col-lg-3 col-sm-6 col-industry mb-5\"><div class=\"industry-content no-link\"><h3 class=\"industry-title\">Telecom<\/h3><div class=\"image\"><img decoding=\"async\" src=\"https:\/\/aragonphotonics.com\/es\/wp-content\/uploads\/sites\/2\/2024\/06\/telecomm-cabless.svg\" class=\"img-fluid\" alt=\"\" \/><\/div><\/div><\/div><div class=\"col-lg-3 col-sm-6 col-industry mb-5\"><div class=\"industry-content no-link\"><h3 class=\"industry-title\">Gas y petr\u00f3leo<\/h3><div class=\"image\"><img decoding=\"async\" src=\"https:\/\/aragonphotonics.com\/es\/wp-content\/uploads\/sites\/2\/2024\/05\/oil.svg\" class=\"img-fluid\" alt=\"icon\" \/><\/div><\/div><\/div><\/div><\/div><\/div>\n\n\n<p><\/p>\n<\/div>\n\n\n\n<p><\/p>\n","protected":false},"excerpt":{"rendered":"<p>Sensado Distribuido sobre Fibra \u00d3ptica En el \u00e1mbito de la monitorizaci\u00f3n y la detecci\u00f3n, la elecci\u00f3n entre sensores puntuales y distribuidos depende de las necesidades del sistema. Los sensores puntuales miden propiedades en ubicaciones espec\u00edficas, dando informaci\u00f3n precisa pero limitada, similar a un term\u00f3metro. En contraste, los sensores distribuidos, como los de una red de [&hellip;]<\/p>\n","protected":false},"author":3,"featured_media":0,"parent":0,"menu_order":0,"comment_status":"closed","ping_status":"closed","template":"","meta":{"_acf_changed":false,"_uag_custom_page_level_css":"","_genesis_hide_title":true,"_genesis_hide_breadcrumbs":false,"_genesis_hide_singular_image":false,"_genesis_hide_footer_widgets":false,"_genesis_custom_body_class":"","_genesis_custom_post_class":"","_genesis_layout":"","footnotes":""},"class_list":{"0":"post-4482","1":"page","2":"type-page","3":"status-publish","5":"entry"},"acf":[],"uagb_featured_image_src":{"full":false,"thumbnail":false,"medium":false,"medium_large":false,"large":false,"1536x1536":false,"2048x2048":false,"gur_featured_image":false,"gur_blog_thumbnail":false,"gur_industries_thumbnail":false},"uagb_author_info":{"display_name":"Javier Incaelum","author_link":"https:\/\/aragonphotonics.com\/es\/author\/javier-incaelum\/"},"uagb_comment_info":0,"uagb_excerpt":"Sensado Distribuido sobre Fibra \u00d3ptica En el \u00e1mbito de la monitorizaci\u00f3n y la detecci\u00f3n, la elecci\u00f3n entre sensores puntuales y distribuidos depende de las necesidades del sistema. Los sensores puntuales miden propiedades en ubicaciones espec\u00edficas, dando informaci\u00f3n precisa pero limitada, similar a un term\u00f3metro. En contraste, los sensores distribuidos, como los de una red de&hellip;","_links":{"self":[{"href":"https:\/\/aragonphotonics.com\/es\/wp-json\/wp\/v2\/pages\/4482","targetHints":{"allow":["GET"]}}],"collection":[{"href":"https:\/\/aragonphotonics.com\/es\/wp-json\/wp\/v2\/pages"}],"about":[{"href":"https:\/\/aragonphotonics.com\/es\/wp-json\/wp\/v2\/types\/page"}],"author":[{"embeddable":true,"href":"https:\/\/aragonphotonics.com\/es\/wp-json\/wp\/v2\/users\/3"}],"replies":[{"embeddable":true,"href":"https:\/\/aragonphotonics.com\/es\/wp-json\/wp\/v2\/comments?post=4482"}],"version-history":[{"count":19,"href":"https:\/\/aragonphotonics.com\/es\/wp-json\/wp\/v2\/pages\/4482\/revisions"}],"predecessor-version":[{"id":5468,"href":"https:\/\/aragonphotonics.com\/es\/wp-json\/wp\/v2\/pages\/4482\/revisions\/5468"}],"wp:attachment":[{"href":"https:\/\/aragonphotonics.com\/es\/wp-json\/wp\/v2\/media?parent=4482"}],"curies":[{"name":"wp","href":"https:\/\/api.w.org\/{rel}","templated":true}]}}