{"id":3,"date":"2024-03-25T18:45:40","date_gmt":"2024-03-25T18:45:40","guid":{"rendered":"https:\/\/aragonphotonics.com\/es\/?page_id=3"},"modified":"2024-07-09T08:48:23","modified_gmt":"2024-07-09T06:48:23","slug":"politica-de-privacidad","status":"publish","type":"page","link":"https:\/\/aragonphotonics.com\/es\/politica-de-privacidad\/","title":{"rendered":"Pol\u00edtica de privacidad"},"content":{"rendered":"\n<div class=\"wp-block-uagb-container uagb-block-ef589677 alignfull uagb-is-root-container\"><div class=\"uagb-container-inner-blocks-wrap\">\n<p><strong>Informaci\u00f3n adicional y detallada sobre el tratamiento de datos personales<\/strong><\/p>\n\n\n\n<ol class=\"wp-block-list\">\n<li><strong>RESPONSABLE DEL TRATAMIENTO DE DATOS<\/strong>:<\/li>\n<\/ol>\n\n\n\n<p><em>\u00bfQui\u00e9n es el responsable del tratamiento de datos?<\/em><\/p>\n\n\n\n<p>El responsable del tratamiento de datos es ARAGON PHOTONICS LABS S.L.U (con CIF ESB99030074 y direcci\u00f3n postal en C\/PRADO N\u00ba 5 LOCAL \u2013 50009 ZARAGOZA).<\/p>\n\n\n\n<ul class=\"wp-block-list\">\n<li><strong>FINALIDAD DEL TRATAMIENTO Y LEGITIMACI\u00d3N<\/strong>:<\/li>\n<\/ul>\n\n\n\n<p><em>\u00bfCu\u00e1l es la finalidad del tratamiento de datos?<\/em><\/p>\n\n\n\n<p>En ARAGON PHOTONICS LABS S.L.U, tratamos los datos recopilados mediante este formulario para gestionar las consultas realizadas y atender sus posibles solicitudes.<\/p>\n\n\n\n<p>El interesado ser\u00e1 el \u00fanico responsable de completar los formularios con datos falsos, inexactos, incompletos o desactualizados.<\/p>\n\n\n\n<p><em>\u00bfCu\u00e1l es la base legal para el tratamiento?<\/em><\/p>\n\n\n\n<p>El tratamiento de sus datos se basa en su consentimiento, que se otorga al proporcionar los datos solicitados, completar y enviar este formulario, y marcar la casilla aceptando este aviso de privacidad.<\/p>\n\n\n\n<p><em>\u00bfSer\u00e1 necesario que nos proporcione todos sus datos? \u00bfQu\u00e9 suceder\u00e1 si no nos los proporciona?<\/em><\/p>\n\n\n\n<p>S\u00ed, ser\u00e1 necesario que nos proporcione todos los datos personales solicitados en el formulario. Si no proporciona los datos solicitados, no podremos atender adecuadamente a su solicitud. <\/p>\n\n\n\n<p><em>\u00bfTomaremos decisiones de manera individual y\/o elaboraremos perfiles que produzcan efectos legales o le afecten significativamente de manera similar?<\/em><\/p>\n\n\n\n<p>No.<\/p>\n\n\n\n<p><em>\u00bfCu\u00e1nto tiempo conservaremos sus datos?<\/em><\/p>\n\n\n\n<p>Los datos personales proporcionados se conservar\u00e1n hasta que se solicite su eliminaci\u00f3n o cancelaci\u00f3n, y mientras sean adecuados, pertinentes y limitados a lo necesario para los fines para los que se tratan. <\/p>\n\n\n\n<ul class=\"wp-block-list\">\n<li><strong>DESTINATARIOS DE LAS TRANSFERENCIAS DE DATOS<\/strong>:<\/li>\n<\/ul>\n\n\n\n<p><em>\u00bfCederemos sus datos a otras empresas?<\/em><\/p>\n\n\n\n<p>No se ceder\u00e1n sus datos a terceros.<\/p>\n\n\n\n<ul class=\"wp-block-list\">\n<li><strong>DESTINATARIOS DE TRANSFERENCIAS INTERNACIONALES: <\/strong><\/li>\n<\/ul>\n\n\n\n<p><em>\u00bfSe transferir\u00e1n sus datos personales a terceros pa\u00edses u organizaciones internacionales?<\/em><\/p>\n\n\n\n<p>No se realizar\u00e1n relaciones internacionales. <\/p>\n\n\n\n<ul class=\"wp-block-list\">\n<li><strong>DERECHOS DEL INTERESADO:<\/strong><\/li>\n<\/ul>\n\n\n\n<p><em>\u00bfQu\u00e9 derechos tiene usted en relaci\u00f3n con el tratamiento de sus datos?<\/em><\/p>\n\n\n\n<p>Cualquier interesado tiene derecho a confirmar si ARAGON PHOTONICS LABS S.L.U trata datos personales que le conciernen.<\/p>\n\n\n\n<p>Asimismo, seg\u00fan la previsto en el Reglamento General de Protecci\u00f3n de Datos, le informamos que tiene los siguientes derechos:<\/p>\n\n\n\n<ul class=\"wp-block-list\">\n<li>Acceso a sus datos<\/li>\n<\/ul>\n\n\n\n<p>Tiene derecho a acceder a sus datos para conocer qu\u00e9 datos personales estamos tratando sobre usted.<\/p>\n\n\n\n<ul class=\"wp-block-list\">\n<li>Solicitar la rectificaci\u00f3n o eliminaci\u00f3n de sus datos<\/li>\n<\/ul>\n\n\n\n<p>En ciertas circunstancias, tiene derecho a rectificar los datos personales inexactos que le conciernen y que tratamos, o incluso a solicitar su eliminaci\u00f3n cuando, entre otros motivos, los datos ya no sean necesarios para los fines recogidos. <\/p>\n\n\n\n<ul class=\"wp-block-list\">\n<li>Solicitar la eliminaci\u00f3n del tratamiento de sus datos<\/li>\n<\/ul>\n\n\n\n<p>En determinadas circustancias, tiene derecho a solicitar la limitaci\u00f3n del tratamiento de sus datos, en cuyo caso le informaremos que solo los conservaremos para el ejercicio o la defensa de reclamaciones seg\u00fan lo previsto en el Reglamento General de Protecci\u00f3n de Datos.<\/p>\n\n\n\n<ul class=\"wp-block-list\">\n<li>Portabilidad de los datos<\/li>\n<\/ul>\n\n\n\n<p>En determinadas circunstancias, tiene derecho a recibir los datos personales que le conciernan, que nos haya proporcionado, en un formato estructurado, de uso com\u00fan y lectura mec\u00e1nica, y a transmitirlos a otro responsable del tratamiento. <\/p>\n\n\n\n<ul class=\"wp-block-list\">\n<li>Oponerse al tratamiento de sus datos<\/li>\n<\/ul>\n\n\n\n<p>En determinadas circunstancias y por motivos relacionados con su situaci\u00f3n particular, tiene derecho a oponerse al tratamiento de sus datos, en cuyo caso dejar\u00edamos de tratarlos salvo por motivos leg\u00edtimos imperiosos, o el ejercicio o la defensa de posibles reclamaciones. <\/p>\n\n\n\n<p><em>\u00bfCu\u00e1ndo responderemos a su solicitud?<\/em><\/p>\n\n\n\n<p>Responderemos a su solicitud lo antes posible y, en cualquier caso, dentro de un mes desde la recepci\u00f3n de su solicitud. Este plazo podr\u00e1 ampliarse dos meses m\u00e1s si es necesario, teniendo en cuenta la complejidad y el n\u00famero de solicitudes. El responsable del tratamiento informar\u00e1 al interesado de la pr\u00f3rroga dentro del primer mes desde la solicitud. <\/p>\n\n\n\n<p><em>\u00bfTiene derecho a retirar su consentimiento?<\/em><\/p>\n\n\n\n<p>El interesado tiene derecho a retirar su consentimiento en cualquier momento, sin que ello afecte a la licitud del tratamiento basado en el consentimiento previo a sus retirada. <\/p>\n\n\n\n<p><em>\u00bfD\u00f3nde debe dirigirse para ejercer sus derechos?<\/em><\/p>\n\n\n\n<p>Para ejercer sus derechos reconocidos, el interesado puede ponerse en contacto con nosotros a trav\u00e9s de la siguiente direcci\u00f3n de correo electr\u00f3nico: info@aragonphotonics.com o enviando una solicitud escrita a ARAGON PHOTONICS LABS S.L.U a la direcci\u00f3n indicada en la primera secci\u00f3n sobre los responsables del tratamiento de datos.<\/p>\n\n\n\n<p><em>\u00bfTiene derecho a presentar una reclamaci\u00f3n?<\/em><\/p>\n\n\n\n<p>S\u00ed. Usted, especialmente cuando no haya obtenido satisfacci\u00f3n en el ejercicio de sus derechos, tiene derecho a presentar una reclamaci\u00f3n ante la autoridad nacional de control, para ello debe dirigirse a la Agencia Espa\u00f1ola de Protecci\u00f3n de Datos. <\/p>\n<\/div><\/div>\n","protected":false},"excerpt":{"rendered":"<p>Informaci\u00f3n adicional y detallada sobre el tratamiento de datos personales \u00bfQui\u00e9n es el responsable del tratamiento de datos? El responsable del tratamiento de datos es ARAGON PHOTONICS LABS S.L.U (con CIF ESB99030074 y direcci\u00f3n postal en C\/PRADO N\u00ba 5 LOCAL \u2013 50009 ZARAGOZA). \u00bfCu\u00e1l es la finalidad del tratamiento de datos? En ARAGON PHOTONICS LABS [&hellip;]<\/p>\n","protected":false},"author":1,"featured_media":0,"parent":0,"menu_order":0,"comment_status":"closed","ping_status":"open","template":"","meta":{"_acf_changed":false,"_uag_custom_page_level_css":"","_genesis_hide_title":false,"_genesis_hide_breadcrumbs":false,"_genesis_hide_singular_image":false,"_genesis_hide_footer_widgets":false,"_genesis_custom_body_class":"","_genesis_custom_post_class":"","_genesis_layout":"","footnotes":""},"class_list":{"0":"post-3","1":"page","2":"type-page","3":"status-publish","5":"entry"},"acf":[],"uagb_featured_image_src":{"full":false,"thumbnail":false,"medium":false,"medium_large":false,"large":false,"1536x1536":false,"2048x2048":false,"gur_featured_image":false,"gur_blog_thumbnail":false,"gur_industries_thumbnail":false},"uagb_author_info":{"display_name":"Incaelum","author_link":"https:\/\/aragonphotonics.com\/es\/author\/incaelum\/"},"uagb_comment_info":0,"uagb_excerpt":"Informaci\u00f3n adicional y detallada sobre el tratamiento de datos personales \u00bfQui\u00e9n es el responsable del tratamiento de datos? El responsable del tratamiento de datos es ARAGON PHOTONICS LABS S.L.U (con CIF ESB99030074 y direcci\u00f3n postal en C\/PRADO N\u00ba 5 LOCAL \u2013 50009 ZARAGOZA). \u00bfCu\u00e1l es la finalidad del tratamiento de datos? En ARAGON PHOTONICS LABS&hellip;","_links":{"self":[{"href":"https:\/\/aragonphotonics.com\/es\/wp-json\/wp\/v2\/pages\/3","targetHints":{"allow":["GET"]}}],"collection":[{"href":"https:\/\/aragonphotonics.com\/es\/wp-json\/wp\/v2\/pages"}],"about":[{"href":"https:\/\/aragonphotonics.com\/es\/wp-json\/wp\/v2\/types\/page"}],"author":[{"embeddable":true,"href":"https:\/\/aragonphotonics.com\/es\/wp-json\/wp\/v2\/users\/1"}],"replies":[{"embeddable":true,"href":"https:\/\/aragonphotonics.com\/es\/wp-json\/wp\/v2\/comments?post=3"}],"version-history":[{"count":5,"href":"https:\/\/aragonphotonics.com\/es\/wp-json\/wp\/v2\/pages\/3\/revisions"}],"predecessor-version":[{"id":5242,"href":"https:\/\/aragonphotonics.com\/es\/wp-json\/wp\/v2\/pages\/3\/revisions\/5242"}],"wp:attachment":[{"href":"https:\/\/aragonphotonics.com\/es\/wp-json\/wp\/v2\/media?parent=3"}],"curies":[{"name":"wp","href":"https:\/\/api.w.org\/{rel}","templated":true}]}}