{"id":22,"date":"2024-05-02T10:15:02","date_gmt":"2024-05-02T09:15:02","guid":{"rendered":"https:\/\/aragonphotonics.com\/es\/?page_id=22"},"modified":"2026-01-23T11:10:58","modified_gmt":"2026-01-23T09:10:58","slug":"conocenos","status":"publish","type":"page","link":"https:\/\/aragonphotonics.com\/es\/conocenos\/","title":{"rendered":"Con\u00f3cenos"},"content":{"rendered":"<div class=\"block-wrapper block-wrapper-cfb block-wrapper-header-image-video text-bg-wrapper background-as-attr\" data-image-src=\"https:\/\/aragonphotonics.com\/es\/wp-content\/uploads\/sites\/2\/2024\/05\/about-us.jpg\"><div class=\"container\"><div class=\"row\"><div class=\"col-12\"><h1 class=\"block-title\">Con\u00f3cenos<\/h1><\/div><\/div><\/div><\/div><\/div>\n\n<div class=\"block-wrapper block-wrapper-cfb block-wrapper-values no-image\"><div class=\"container\"><div class=\"row justify-center\"><div class=\"col-md-4\"><div class=\"value-wrapper\"><p class=\"value-title\">Misi\u00f3n<\/p><p class=\"value-description\"><p><span class=\"TextRun SCXW86499206 BCX0\" lang=\"ES-ES\" xml:lang=\"ES-ES\" data-contrast=\"none\"><span class=\"NormalTextRun SCXW86499206 BCX0\">Desarrollar, fabricar y comercializar soluciones y equipos novedosos y \u00fatiles de <\/span><span class=\"NormalTextRun SpellingErrorV2Themed SCXW86499206 BCX0\">sensado<\/span><span class=\"NormalTextRun SCXW86499206 BCX0\"> distribuido sobre fibra \u00f3ptica (DFOS)<\/span><\/span><span class=\"EOP SCXW86499206 BCX0\" data-ccp-props=\"{&quot;201341983&quot;:0,&quot;335559739&quot;:160,&quot;335559740&quot;:278}\">\u00a0<\/span><\/p>\n<\/p><\/div><\/div><div class=\"col-md-4\"><div class=\"value-wrapper\"><p class=\"value-title\">Visi\u00f3n<\/p><p class=\"value-description\"><p><span class=\"TextRun SCXW65825215 BCX0\" lang=\"ES-ES\" xml:lang=\"ES-ES\" data-contrast=\"none\"><span class=\"NormalTextRun SCXW65825215 BCX0\">Ser un referente tecnol\u00f3gico y comercial en los mercados de aplicaci\u00f3n de las soluciones basadas en <\/span><span class=\"NormalTextRun SpellingErrorV2Themed SCXW65825215 BCX0\">sensado<\/span><span class=\"NormalTextRun SCXW65825215 BCX0\"> distribuido sobre fibra \u00f3ptica.<\/span><\/span><span class=\"EOP SCXW65825215 BCX0\" data-ccp-props=\"{&quot;201341983&quot;:0,&quot;335559739&quot;:160,&quot;335559740&quot;:278}\">\u00a0<\/span><\/p>\n<\/p><\/div><\/div><div class=\"col-md-4\"><div class=\"value-wrapper\"><p class=\"value-title\">Valores<\/p><p class=\"value-description\"><ul>\n<li>Honestidad.<\/li>\n<li>Equidad social.<\/li>\n<li>Sostenibilidad.<\/li>\n<li>Transferencia del conocimiento cient\u00edfico-t\u00e9cnico a la sociedad para su bienestar.<\/li>\n<\/ul>\n<\/p><\/div><\/div><\/div><\/div><\/div>\n\n\n<div class=\"wp-block-uagb-container mt-5 mb-5 uagb-block-800e2160 default uagb-is-root-container\">\n<h2 class=\"wp-block-heading\">Orgullosos de ser parte de Aragon Photonics<\/h2>\n\n\n\n<p>En Aragon Photonics creamos, fabricamos y vendemos soluciones de detecci\u00f3n distribuida sobre fibra \u00f3ptica de vanguardia para diversos mercados, como cables el\u00e9ctricos, ferrocarriles, sismolog\u00eda y seguridad perimetral. Nuestra cada vez m\u00e1s amplia gama de productos \u00fanicos se fundamenta en patentes que poseemos o de las que tenemos licencias exclusivas. Nuestras soluciones innovadoras, basadas en algoritmos y en Inteligencia Artificial, se aplican en varios sectores estrat\u00e9gicos. Disponemos de un equipo altamente capacitado y trabajamos en estrecha colaboraci\u00f3n con universidades y centros de investigaci\u00f3n para transformar grandes ideas en productos premiados. Adem\u00e1s, participamos en proyectos europeos de innovaci\u00f3n en conjunto con grandes empresas de diversos sectores.&nbsp;<\/p>\n\n\n\n<p>Aragon Photonics se estableci\u00f3 en 2004 con el prop\u00f3sito de desarrollar el innovador Analizador de Espectro \u00d3ptico Brillouin, utilizado extensamente en el sector de las Telecomunicaciones para analizar medidas de se\u00f1ales \u00f3pticas. Con la experiencia y conocimientos adquiridos a lo largo del tiempo, en 2014 logramos ingresar al mercado del sensado distribuido sobre fibra \u00f3ptica al desarrollar varios sensores DAS. Actualmente, nuestro portafolio de productos incluye una variedad de tecnolog\u00edas y nuestras soluciones DFOS est\u00e1n presentes en la mayor\u00eda de los mercados estrat\u00e9gicos.&nbsp;<\/p>\n\n\n\n<p>En un entorno donde la conciliaci\u00f3n y la igualdad de oportunidades son principios esenciales, nuestra empresa se distingue no solo por su rentabilidad y prometedoras perspectivas, sino tambi\u00e9n por su avanzada tecnolog\u00eda. Nuestro compromiso con la innovaci\u00f3n nos permite crear soluciones avanzadas que mejoran la seguridad de mercados estrat\u00e9gicos para los pa\u00edses, contribuyendo a una sociedad m\u00e1s justa. Este enfoque integral asegura que todos nuestros interesados, desde empleados hasta la comunidad en general, se beneficien, consolidando as\u00ed nuestra posici\u00f3n como l\u00edderes del sector y promotores de un ambiente laboral equitativo y sostenible.&nbsp;<\/p>\n\n\n<section class=\"block-wrapper block-wrapper-cfb corporate block-wrapper-gallery\"><div class=\"container\"><div class=\"block-in-wrapper\"><div class=\"gur-block-gallery gur-block-gallery-slider has-slick-slider\" data-slick-show=\"1,1,1\" data-slick-scroll=\"1,1,1\" data-slick-autoplay=\"true\" data-slick-infinite=\"true\" data-slick-arrows=\"true\" data-slick-dots=\"true\"data-slick-centermode=\"true\"><div class=\"item\"><a class=\"image-wrapper a-ratio a-ratio-4x3\" href=\"https:\/\/aragonphotonics.com\/es\/wp-content\/uploads\/sites\/2\/2024\/05\/AragonPhotonics-24-scaled.jpg\" title=\"AragonPhotonics-24\" data-lightbox=\"69d16846eeced\"><img decoding=\"async\" src=\"https:\/\/aragonphotonics.com\/es\/wp-content\/uploads\/sites\/2\/2024\/05\/AragonPhotonics-24-scaled.jpg\" alt=\"office\" class=\"img-fluid\"><\/a><\/div><div class=\"item\"><a class=\"image-wrapper a-ratio a-ratio-4x3\" href=\"https:\/\/aragonphotonics.com\/es\/wp-content\/uploads\/sites\/2\/2024\/05\/Background-scaled.jpg\" title=\"Background\" data-lightbox=\"69d16846eeced\"><img decoding=\"async\" src=\"https:\/\/aragonphotonics.com\/es\/wp-content\/uploads\/sites\/2\/2024\/05\/Background-scaled.jpg\" alt=\"office\" class=\"img-fluid\"><\/a><\/div><div class=\"item\"><a class=\"image-wrapper a-ratio a-ratio-4x3\" href=\"https:\/\/aragonphotonics.com\/es\/wp-content\/uploads\/sites\/2\/2024\/05\/aragon-scaled.webp\" title=\"aragon\" data-lightbox=\"69d16846eeced\"><img decoding=\"async\" src=\"https:\/\/aragonphotonics.com\/es\/wp-content\/uploads\/sites\/2\/2024\/05\/aragon-scaled.webp\" alt=\"Office\" class=\"img-fluid\"><\/a><\/div><div class=\"item\"><a class=\"image-wrapper a-ratio a-ratio-4x3\" href=\"https:\/\/aragonphotonics.com\/es\/wp-content\/uploads\/sites\/2\/2024\/05\/ap.webp\" title=\"ap\" data-lightbox=\"69d16846eeced\"><img decoding=\"async\" src=\"https:\/\/aragonphotonics.com\/es\/wp-content\/uploads\/sites\/2\/2024\/05\/ap.webp\" alt=\"Work\" class=\"img-fluid\"><\/a><\/div><\/div><\/div><\/div><\/section>\n\n<section class=\"block-wrapper block-wrapper-cfb block-wrapper-steps\"><div class=\"container\"><h2 class=\"block-title\">Nuestra historia<\/h2><div class=\"steps\">\r\n                    <article class=\"steps-item\">\r\n                        <h3 class=\"step-name\">Presente<\/h3>\r\n                        <div class=\"step-value\" data-aos=\"fade-up\">Aragon Photonics centra sus esfuerzos en mejorar sus productos y aplicaciones de detecci\u00f3n distribuida de fibra \u00f3ptica, una l\u00ednea de negocio estrat\u00e9gica para la compa\u00f1\u00eda en los pr\u00f3ximos a\u00f1os. <\/div>\r\n                    <\/article>\r\n                    <article class=\"steps-item\">\r\n                        <h3 class=\"step-name\">2023<\/h3>\r\n                        <div class=\"step-value\" data-aos=\"fade-up\">Cesi\u00f3n de explotaci\u00f3n en exclusiva de las l\u00edneas Telecom (BOSA, HDCA\u2026) y Solar (INCUS, CONDOR\u2026) a la empresa ZEPREN Solutions S.L..<\/div>\r\n                    <\/article>\r\n                    <article class=\"steps-item\">\r\n                        <h3 class=\"step-name\">2019<\/h3>\r\n                        <div class=\"step-value\" data-aos=\"fade-up\">Lanzamiento del HDAS, basado en la tecnolog\u00eda patentada Chirped-pulse Phase OTDR.<\/div>\r\n                    <\/article>\r\n                    <article class=\"steps-item\">\r\n                        <h3 class=\"step-name\">2018<\/h3>\r\n                        <div class=\"step-value\" data-aos=\"fade-up\">Incorporaci\u00f3n de FOCUS SL y su tecnolog\u00eda Chirped-pulse Phase OTDR desarrollada por la Universidad de Alcal\u00e1 de Henares. <\/div>\r\n                    <\/article>\r\n                    <article class=\"steps-item\">\r\n                        <h3 class=\"step-name\">2017<\/h3>\r\n                        <div class=\"step-value\" data-aos=\"fade-up\">Inicio de actividades de la l\u00ednea solar, mediante la explotaci\u00f3n de la cartera de patentes de Abengoa. <\/div>\r\n                    <\/article>\r\n                    <article class=\"steps-item\">\r\n                        <h3 class=\"step-name\">2016<\/h3>\r\n                        <div class=\"step-value\" data-aos=\"fade-up\">Lanzamiento del primer dispositivo DAS basado en tecnolog\u00eda de detecci\u00f3n directa C-OTDR. <\/div>\r\n                    <\/article>\r\n                    <article class=\"steps-item\">\r\n                        <h3 class=\"step-name\">2014<\/h3>\r\n                        <div class=\"step-value\" data-aos=\"fade-up\">Inicio de actividades en el campo de la Detecci\u00f3n Distribuida de Fibra \u00d3ptica en colaboraci\u00f3n con el GTF de la Universidad de Zaragoza. <\/div>\r\n                    <\/article>\r\n                    <article class=\"steps-item\">\r\n                        <h3 class=\"step-name\">2009<\/h3>\r\n                        <div class=\"step-value\" data-aos=\"fade-up\">Lanzamiento del BOSA-C, equipo galardonado por el SPIE con su Premio Prisma. Un modelo que tambi\u00e9n es capaz de trabajar en la banda L. <\/div>\r\n                    <\/article>\r\n                    <article class=\"steps-item\">\r\n                        <h3 class=\"step-name\">2005<\/h3>\r\n                        <div class=\"step-value\" data-aos=\"fade-up\">Desarrollo del BOSA, primer analizador de espectro \u00f3ptico de alta resoluci\u00f3n basado en tecnolog\u00eda patentada de dispersi\u00f3n estimulada de Brillouin. <\/div>\r\n                    <\/article>\r\n                    <article class=\"steps-item\">\r\n                        <h3 class=\"step-name\">2004<\/h3>\r\n                        <div class=\"step-value\" data-aos=\"fade-up\">Fundaci\u00f3n de Aragon Photonics, fruto de la colaboraci\u00f3n entre Fibercom y el Grupo de Tecnolog\u00edas Fot\u00f3nicas (GTF) de la Universidad de Zaragoza.<\/div>\r\n                    <\/article><\/div><\/div><\/section><\/div>\n\n\n<section class=\"block-wrapper block-wrapper-cfb corporate block-wrapper-image-content no-bg image-left\" data-image-src=\"\"><div class=\"container\"><div class=\"block-in-wrapper\"><div class=\"row justify-content-center align-items-center g-0\"><div class=\"block-text-wrapper col-lg-6\"><div class=\"block-description\"><blockquote><p><span class=\"TextRun SCXW127251306 BCX0\" lang=\"ES-ES\" xml:lang=\"ES-ES\" data-contrast=\"auto\"><em><span class=\"NormalTextRun SCXW127251306 BCX0\">\u201cLa decisi\u00f3n de <\/span><span class=\"NormalTextRun SpellingErrorV2Themed SCXW127251306 BCX0\">Aragon<\/span> <span class=\"NormalTextRun SpellingErrorV2Themed SCXW127251306 BCX0\">Photonics<\/span><\/em><span class=\"NormalTextRun SCXW127251306 BCX0\"><em> de centrar su estrategia en el desarrollo y comercializaci\u00f3n de soluciones DFOS es la m\u00e1s importante tomada en sus 20 a\u00f1os de existencia, y dar\u00e1 sus frutos en un futuro inmediato.\u201d<\/em>\u00a0<\/span><\/span><span class=\"EOP SCXW127251306 BCX0\" data-ccp-props=\"{&quot;201341983&quot;:0,&quot;335551550&quot;:6,&quot;335551620&quot;:6,&quot;335559739&quot;:160,&quot;335559740&quot;:279}\">\u00a0<\/span><\/p>\n<p>Francisco M. L\u00f3pez Torres, CEO de Aragon Photonics<\/p><\/blockquote>\n<\/div><\/div><div class=\"block-image-wrapper col-lg-6\"><img decoding=\"async\" src=\"https:\/\/aragonphotonics.com\/es\/wp-content\/uploads\/sites\/2\/2024\/05\/ceo.jpg\" alt=\"Arag\u00f3n photonics\" class=\"img-fluid\" ><\/div><\/div><\/div><\/div><\/section>\n\n<section class=\"block-wrapper block-wrapper-cfb bg-color corporate block-wrapper-image-content background-as-attr image-right\" data-image-src=\"https:\/\/aragonphotonics.com\/es\/wp-content\/uploads\/sites\/2\/2024\/05\/Presence.webp\"><div class=\"container\"><div class=\"block-in-wrapper\"><div class=\"row justify-content-center align-items-center g-0\"><div class=\"block-text-wrapper col-lg-6\"><h2 class=\"block-title\">Presencia y contacto<\/h2><div class=\"block-description\"><p>Aragon Photonics es una compa\u00f1\u00eda global ubicada en Zaragoza, Espa\u00f1a. Hemos logrado construir una red global de socios que sigue expandi\u00e9ndose. Adem\u00e1s de operar en m\u00e1s de 20 pa\u00edses en todos los continentes, asistimos regularmente a las conferencias y ferias m\u00e1s importantes de nuestro sector.<\/p>\n<p>Calle Prado 5, 50009\u2028Zaragoza &#8211; Espa\u00f1a<\/p>\n<p>info@aragonphotonics.com<\/p>\n<p>+34 976 359 972<\/p>\n<\/div><\/div><div class=\"block-image-wrapper col-lg-6\"><img decoding=\"async\" src=\"https:\/\/aragonphotonics.com\/es\/wp-content\/uploads\/sites\/2\/2024\/05\/Presence.webp\" alt=\"map\" class=\"img-fluid\" ><\/div><\/div><\/div><\/div><\/section>\n\n<div class=\"block-wrapper block-wrapper-cfb block-wrapper-banner download background-as-attr\" data-image-src=\"https:\/\/aragonphotonics.com\/es\/wp-content\/uploads\/sites\/2\/2024\/05\/download-banner.jpg\"><div class=\"container\"><div class=\"row align-items-center\"><div class=\"col-12\"><div class=\"content-wrapper\"><div class=\"text-wrapper\"><h2 class=\"block-title\">Pol\u00edtica de calidad<\/h2><div class=\"block-description\"><p>La calidad es un facto fundamental para lograr la m\u00e1xima satisfacci\u00f3n del cliente, por eso nuestro departamento de calidad trabaja constantemente para mejorar todos nuestros procesos internos y los servicios que ofrecemos. Somos conscientes de que la calidad abarca todos nuestros procesos y por eso estamos totalmente comprometidos con la mejora continua. De esta manera, nuestra Pol\u00edtica de Calidad tiene un enfoque global y abarca todas nuestras actividades, productos y servicios.<\/p>\n<\/div><\/div><div class=\"block-cta-wrapper\"><i class=\"my-icons icon-pdf\"><\/i><a class=\"btn btn-action\" href=\"https:\/\/aragonphotonics.com\/es\/wp-content\/uploads\/sites\/2\/2024\/05\/25135912-BUP-ARAGON-PHOTONICS-LABS-SLU-ESPANOL.pdf\" title=\"Descargar\">Descargar<\/a><\/div><\/div><\/div><\/div><\/div><\/div>\n\n<section class=\"block-wrapper block-wrapper-cfb block-wrapper-slider-columns\"><div class=\"container\"><div class=\"block-in-wrapper\"><h2 class=\"block-title\">Logros<\/h2><div class=\"block-description\"><p>Aragon Photonics es una empresa innovadora que ha recibido numerosos premios, subvenciones y sellos de organizaciones de financiaci\u00f3n nacional e internacional de I+D.<\/p>\n<\/div><div class=\"has-slick-slider \" data-slick-arrows=\"true\" data-slick-dots=\"true\" data-slick-autoplay=\"true\" data-slick-infinite=\"true\" data-slick-show=\"2,2,1\" data-slick-scroll=\"1\"><div class=\"slick-item\"><article class=\"block-article\"><div class=\"content-wrapper\"><div class=\"title-description-wrapper\"><div class=\"description\"><ul>\n<li>EU Horizon 2020\u2028SME INSTRUMENT\u2028Grant agreement 826843<\/li>\n<\/ul>\n<\/div><\/div><\/div><div class=\"image-wrapper\"><img decoding=\"async\" src=\"https:\/\/aragonphotonics.com\/es\/wp-content\/uploads\/sites\/2\/2024\/06\/SME-Instrument-H2020.webp\" alt=\"\" class=\"img-fluid\" ><\/div><\/article><\/div><div class=\"slick-item\"><article class=\"block-article\"><div class=\"content-wrapper\"><div class=\"title-description-wrapper\"><div class=\"description\"><ul>\n<li>Programa Torres Quevedo: PTQ2019-0101759 y PTQ2020-011407<\/li>\n<li>Ayudas para Doctorados Industriales: DI-17-09169<\/li>\n<\/ul>\n<\/div><\/div><\/div><div class=\"image-wrapper\"><img decoding=\"async\" src=\"https:\/\/aragonphotonics.com\/es\/wp-content\/uploads\/sites\/2\/2024\/06\/Agencia-Estatal-de-Investigacion.webp\" alt=\"\" class=\"img-fluid\" ><\/div><\/article><\/div><div class=\"slick-item\"><article class=\"block-article\"><div class=\"content-wrapper\"><div class=\"title-description-wrapper\"><div class=\"description\"><ul>\n<li>IDIS REACT-UE 2 \u2018Apoyo a las inversiones que contribuyan a la transici\u00f3n hacia una econom\u00eda digital\u2019<\/li>\n<li>IDIS REACT-UE 4 \u2018Apoyo a las inversiones que contribuyan a la transici\u00f3n hacia una econom\u00eda verde\u2019<\/li>\n<\/ul>\n<\/div><\/div><\/div><div class=\"image-wrapper\"><img decoding=\"async\" src=\"https:\/\/aragonphotonics.com\/es\/wp-content\/uploads\/sites\/2\/2024\/06\/AyudasGobiernoAragon.webp\" alt=\"\" class=\"img-fluid\" ><\/div><\/article><\/div><div class=\"slick-item\"><article class=\"block-article\"><div class=\"content-wrapper\"><div class=\"title-description-wrapper\"><div class=\"description\"><ul>\n<li>Innovative SME<\/li>\n<\/ul>\n<\/div><\/div><\/div><div class=\"image-wrapper\"><img decoding=\"async\" src=\"https:\/\/aragonphotonics.com\/es\/wp-content\/uploads\/sites\/2\/2024\/06\/pyme_innovadora_meic-EN_web-230x300-1.webp\" alt=\"\" class=\"img-fluid\" ><\/div><\/article><\/div><\/div><\/div><\/div><\/section>","protected":false},"excerpt":{"rendered":"<p>Orgullosos de ser parte de Aragon Photonics En Aragon Photonics creamos, fabricamos y vendemos soluciones de detecci\u00f3n distribuida sobre fibra \u00f3ptica de vanguardia para diversos mercados, como cables el\u00e9ctricos, ferrocarriles, sismolog\u00eda y seguridad perimetral. Nuestra cada vez m\u00e1s amplia gama de productos \u00fanicos se fundamenta en patentes que poseemos o de las que tenemos licencias [&hellip;]<\/p>\n","protected":false},"author":3,"featured_media":0,"parent":0,"menu_order":0,"comment_status":"closed","ping_status":"closed","template":"","meta":{"_acf_changed":false,"_uag_custom_page_level_css":"","_genesis_hide_title":true,"_genesis_hide_breadcrumbs":false,"_genesis_hide_singular_image":false,"_genesis_hide_footer_widgets":false,"_genesis_custom_body_class":"","_genesis_custom_post_class":"","_genesis_layout":"","footnotes":""},"class_list":{"0":"post-22","1":"page","2":"type-page","3":"status-publish","5":"entry"},"acf":[],"uagb_featured_image_src":{"full":false,"thumbnail":false,"medium":false,"medium_large":false,"large":false,"1536x1536":false,"2048x2048":false,"gur_featured_image":false,"gur_blog_thumbnail":false,"gur_industries_thumbnail":false},"uagb_author_info":{"display_name":"Javier Incaelum","author_link":"https:\/\/aragonphotonics.com\/es\/author\/javier-incaelum\/"},"uagb_comment_info":0,"uagb_excerpt":"Orgullosos de ser parte de Aragon Photonics En Aragon Photonics creamos, fabricamos y vendemos soluciones de detecci\u00f3n distribuida sobre fibra \u00f3ptica de vanguardia para diversos mercados, como cables el\u00e9ctricos, ferrocarriles, sismolog\u00eda y seguridad perimetral. Nuestra cada vez m\u00e1s amplia gama de productos \u00fanicos se fundamenta en patentes que poseemos o de las que tenemos licencias&hellip;","_links":{"self":[{"href":"https:\/\/aragonphotonics.com\/es\/wp-json\/wp\/v2\/pages\/22","targetHints":{"allow":["GET"]}}],"collection":[{"href":"https:\/\/aragonphotonics.com\/es\/wp-json\/wp\/v2\/pages"}],"about":[{"href":"https:\/\/aragonphotonics.com\/es\/wp-json\/wp\/v2\/types\/page"}],"author":[{"embeddable":true,"href":"https:\/\/aragonphotonics.com\/es\/wp-json\/wp\/v2\/users\/3"}],"replies":[{"embeddable":true,"href":"https:\/\/aragonphotonics.com\/es\/wp-json\/wp\/v2\/comments?post=22"}],"version-history":[{"count":41,"href":"https:\/\/aragonphotonics.com\/es\/wp-json\/wp\/v2\/pages\/22\/revisions"}],"predecessor-version":[{"id":5498,"href":"https:\/\/aragonphotonics.com\/es\/wp-json\/wp\/v2\/pages\/22\/revisions\/5498"}],"wp:attachment":[{"href":"https:\/\/aragonphotonics.com\/es\/wp-json\/wp\/v2\/media?parent=22"}],"curies":[{"name":"wp","href":"https:\/\/api.w.org\/{rel}","templated":true}]}}