{"id":2,"date":"2024-03-25T18:45:40","date_gmt":"2024-03-25T18:45:40","guid":{"rendered":"https:\/\/aragonphotonics.com\/es\/?page_id=2"},"modified":"2025-01-14T13:44:41","modified_gmt":"2025-01-14T11:44:41","slug":"aragon-photonics","status":"publish","type":"page","link":"https:\/\/aragonphotonics.com\/es\/","title":{"rendered":"Arag\u00f3n Photonics"},"content":{"rendered":"<div class=\"block-wrapper block-wrapper-cfb block-wrapper-header-image-video video-bg-wrapper\"><video autoplay muted loop class=\"video-bg\"><source src=\"https:\/\/aragonphotonics.com\/es\/wp-content\/uploads\/sites\/2\/2024\/07\/Video-Web-ESP-1.mp4\" type=\"video\/mp4\"><\/video><\/div>\n\n<div class=\"block-wrapper block-wrapper-cfb block-wrapper-values image\"><div class=\"container\"><div class=\"row justify-center\"><div class=\"col-md-4\"><div class=\"value-wrapper\"><div class=\"image\"><img loading=\"lazy\" decoding=\"async\" width=\"64\" height=\"64\" src=\"https:\/\/aragonphotonics.com\/es\/wp-content\/uploads\/sites\/2\/2024\/05\/house.png\" class=\"img-fluid\" alt=\"icon\" \/><\/div><p class=\"value-title\">Orientaci\u00f3n al cliente<\/p><\/div><\/div><div class=\"col-md-4\"><div class=\"value-wrapper\"><div class=\"image\"><img loading=\"lazy\" decoding=\"async\" width=\"64\" height=\"64\" src=\"https:\/\/aragonphotonics.com\/es\/wp-content\/uploads\/sites\/2\/2024\/05\/tecnologic.png\" class=\"img-fluid\" alt=\"icon\" \/><\/div><p class=\"value-title\">Tecnolog\u00eda patentada y fabricaci\u00f3n propia<\/p><\/div><\/div><div class=\"col-md-4\"><div class=\"value-wrapper\"><div class=\"image\"><img loading=\"lazy\" decoding=\"async\" width=\"63\" height=\"63\" src=\"https:\/\/aragonphotonics.com\/es\/wp-content\/uploads\/sites\/2\/2024\/05\/value.png\" class=\"img-fluid\" alt=\"icon\" \/><\/div><p class=\"value-title\">Red s\u00f3lida de socios con alcance global<\/p><\/div><\/div><\/div><\/div><\/div>\n\n<div class=\"block-wrapper block-wrapper-cfb block-wrapper-main-info\"><div class=\"container\"><div class=\"row justify-center align-items-center\"><div class=\"col-12\"><div class=\"main-content-wrapper\"><h1 class=\"block-title\">Tu compa\u00f1\u00eda integral de sensado<\/h1><div class=\"block-description\"><p>\u201cDesde el dise\u00f1o de la fibra hasta el funcionamiento de la soluci\u00f3n\u201d<\/p>\n<\/div><\/div><\/div><div class=\"col-md-5\"><div class=\"steps-wrapper\"><div class=\"value-wrapper\"><div class=\"image\"><img decoding=\"async\" src=\"https:\/\/aragonphotonics.com\/es\/wp-content\/uploads\/sites\/2\/2024\/05\/listen.svg\" class=\"img-fluid\" alt=\"icon\" \/><\/div><p class=\"value-title\">Escucha<\/p><\/div><div class=\"value-wrapper\"><div class=\"image\"><img decoding=\"async\" src=\"https:\/\/aragonphotonics.com\/es\/wp-content\/uploads\/sites\/2\/2024\/06\/iconssearch.svg\" class=\"img-fluid\" alt=\"\" \/><\/div><p class=\"value-title\">Analiza<\/p><\/div><div class=\"value-wrapper\"><div class=\"image\"><img decoding=\"async\" src=\"https:\/\/aragonphotonics.com\/es\/wp-content\/uploads\/sites\/2\/2024\/05\/inform.svg\" class=\"img-fluid\" alt=\"icon\" \/><\/div><p class=\"value-title\">Informa<\/p><\/div><\/div><\/div><div class=\"col-md-7\"><div class=\"info-wrapper\"><h2 class=\"block-title\">Soluciones que verdaderamente funcionan<\/h2><div class=\"block-description\"><p><strong>Aragon Photonics es una empresa de tecnolog\u00eda con una trayectoria de m\u00e1s de 20 a\u00f1os desarrollando aplicaciones para mercados de sensores distribuidos de fibra \u00f3ptica.<\/strong><\/p>\n<p>Aragon Photonics trabaja junto con los principales centros de investigaci\u00f3n y universidades en su sector, patentando, dise\u00f1ando, fabricando y manteniendo su propio equipo y soluciones.<\/p>\n<p>Junto con su empresa matriz, Fibercom, dise\u00f1a, suministra e instala el cable sensor m\u00e1s adecuado para cada entorno, ofreciendo una soluci\u00f3n completa y adaptada a las necesidades del cliente.<\/p>\n<\/div><\/div><\/div><\/div><\/div><\/div>\n\n<div class=\"the-content\"><div class=\"block-wrapper block-wrapper-cfb block-wrapper-industies\"><div class=\"container\"><h2 class=\"block-title\">Descubre nuestras soluciones para industrias y aplicaciones<\/h2><div class=\"row justify-content-center\"><div class=\"col-lg-3 col-sm-6 col-industry mb-5\"><a href=\"https:\/\/aragonphotonics.com\/es\/industrias\/seismic-activity\/\" title=\"S\u00edsmico\"><div class=\"industry-content\"><h3 class=\"industry-title\">S\u00edsmico<\/h3><div class=\"image\"><img decoding=\"async\" src=\"https:\/\/aragonphotonics.com\/es\/wp-content\/uploads\/sites\/2\/2024\/05\/sistems.svg\" class=\"img-fluid\" alt=\"icon\" \/><\/div><\/div><\/a><\/div><div class=\"col-lg-3 col-sm-6 col-industry mb-5\"><a href=\"https:\/\/aragonphotonics.com\/es\/industrias\/seguridad\/\" title=\"Seguridad\"><div class=\"industry-content\"><h3 class=\"industry-title\">Seguridad<\/h3><div class=\"image\"><img decoding=\"async\" src=\"https:\/\/aragonphotonics.com\/es\/wp-content\/uploads\/sites\/2\/2024\/05\/security.svg\" class=\"img-fluid\" alt=\"icon\" \/><\/div><\/div><\/a><\/div><div class=\"col-lg-3 col-sm-6 col-industry mb-5\"><a href=\"https:\/\/aragonphotonics.com\/es\/industrias\/energia-electrica\/\" title=\"Energ\u00eda el\u00e9ctrica\"><div class=\"industry-content\"><h3 class=\"industry-title\">Energ\u00eda el\u00e9ctrica<\/h3><div class=\"image\"><img decoding=\"async\" src=\"https:\/\/aragonphotonics.com\/es\/wp-content\/uploads\/sites\/2\/2024\/05\/power.svg\" class=\"img-fluid\" alt=\"icon\" \/><\/div><\/div><\/a><\/div><div class=\"col-lg-3 col-sm-6 col-industry mb-5\"><a href=\"https:\/\/aragonphotonics.com\/es\/industrias\/ferroviario\/\" title=\"Ferroviario\"><div class=\"industry-content\"><h3 class=\"industry-title\">Ferroviario<\/h3><div class=\"image\"><img decoding=\"async\" src=\"https:\/\/aragonphotonics.com\/es\/wp-content\/uploads\/sites\/2\/2024\/05\/train.svg\" class=\"img-fluid\" alt=\"icon\" \/><\/div><\/div><\/a><\/div><div class=\"col-lg-3 col-sm-6 col-industry mb-5\"><a href=\"https:\/\/aragonphotonics.com\/es\/industrias\/agua\/\" title=\"Agua\"><div class=\"industry-content\"><h3 class=\"industry-title\">Agua<\/h3><div class=\"image\"><img decoding=\"async\" src=\"https:\/\/aragonphotonics.com\/es\/wp-content\/uploads\/sites\/2\/2024\/05\/water.svg\" class=\"img-fluid\" alt=\"icon\" \/><\/div><\/div><\/a><\/div><div class=\"col-lg-3 col-sm-6 col-industry mb-5\"><a href=\"https:\/\/aragonphotonics.com\/es\/industrias\/carreteras\/\" title=\"Carreteras\"><div class=\"industry-content\"><h3 class=\"industry-title\">Carreteras<\/h3><div class=\"image\"><img decoding=\"async\" src=\"https:\/\/aragonphotonics.com\/es\/wp-content\/uploads\/sites\/2\/2024\/05\/Highways.svg\" class=\"img-fluid\" alt=\"icon\" \/><\/div><\/div><\/a><\/div><div class=\"col-lg-3 col-sm-6 col-industry mb-5\"><div class=\"industry-content no-link\"><h3 class=\"industry-title\">Telecom<\/h3><div class=\"image\"><img decoding=\"async\" src=\"https:\/\/aragonphotonics.com\/es\/wp-content\/uploads\/sites\/2\/2024\/06\/telecomm-cabless.svg\" class=\"img-fluid\" alt=\"\" \/><\/div><\/div><\/div><div class=\"col-lg-3 col-sm-6 col-industry mb-5\"><div class=\"industry-content no-link\"><h3 class=\"industry-title\">Gas y petr\u00f3leo<\/h3><div class=\"image\"><img decoding=\"async\" src=\"https:\/\/aragonphotonics.com\/es\/wp-content\/uploads\/sites\/2\/2024\/05\/oil.svg\" class=\"img-fluid\" alt=\"icon\" \/><\/div><\/div><\/div><\/div><\/div><\/div>\n\n\n<p><\/p>\n<\/div>\n\n\n<div class=\"block-wrapper block-wrapper-cfb block-wrapper-banner background-as-attr\" data-image-src=\"https:\/\/aragonphotonics.com\/es\/wp-content\/uploads\/sites\/2\/2024\/05\/banner-contact-home.jpg\"><div class=\"container\"><div class=\"row align-items-center\"><div class=\"col-12\"><div class=\"content-wrapper\"><div class=\"text-wrapper\"><h2 class=\"block-title\">Descubre c\u00f3mo la tecnolog\u00eda DFOS puede transformar tu negocio<\/h2><\/div><div class=\"block-cta-wrapper\"><a class=\"btn btn-action modal-launcher\" title=\"Contacto\" data-type=\"modal\" data-rel=\"66\" data-size=\"md\">Contacta<\/a><\/div><\/div><\/div><\/div><\/div><\/div>\n\n<section class=\"block-wrapper block-wrapper-cfb corporate block-wrapper-products\"><div class=\"container\"><div class=\"block-in-wrapper\"><h2 class=\"block-title\">Descubre nuestros productos<\/h2><div class=\"block-content\"><div class=\"posts-list-wrapper boxed\"><div class=\"row  has-slick-slider\" data-slick-show=\"2,2,1\" data-slick-scroll=\"2,2,1\" data-slick-arrows=\"true\" data-slick-infinite=\"true\"><div class=\"slick-item mx-2\"><article class=\"posts-list-post d-flex flex-column\"><h3 class=\"posts-list-post-title order-2\"><a href=\"https:\/\/aragonphotonics.com\/es\/productos\/hdas\/\" title=\"Photonics HDAS\">HDAS<\/a><\/h3><div class=\"posts-list-post-image-wrapper order-1\"><a href=\"https:\/\/aragonphotonics.com\/es\/productos\/hdas\/\" title=\"Photonics HDAS\"><img decoding=\"async\" class=\"img-fluid\" src=\"https:\/\/aragonphotonics.com\/es\/wp-content\/uploads\/sites\/2\/2024\/05\/hdas-main-1024x683.webp\" alt=\"Arag\u00f3n Potonics HDAS\"><\/a><\/div><div class=\"posts-list-post-excerpt order-3\"><div class=\"clearfix\" itemprop=\"text\">High-Fidelity Distributed Acoustic Sensor<\/div><\/div><div class=\"cta-wrapper order-last\"><a class=\"btn btn-primary btn-action\" href=\"https:\/\/aragonphotonics.com\/es\/productos\/hdas\/\" title=\"Ver producto\">Ver producto <\/a><\/div><\/article><\/div><div class=\"slick-item mx-2\"><article class=\"posts-list-post d-flex flex-column\"><h3 class=\"posts-list-post-title order-2\"><a href=\"https:\/\/aragonphotonics.com\/es\/productos\/blast\/\" title=\"Photonics BLAST\">BLAST<\/a><\/h3><div class=\"posts-list-post-image-wrapper order-1\"><a href=\"https:\/\/aragonphotonics.com\/es\/productos\/blast\/\" title=\"Photonics BLAST\"><img decoding=\"async\" class=\"img-fluid\" src=\"https:\/\/aragonphotonics.com\/es\/wp-content\/uploads\/sites\/2\/2024\/05\/blast-main-1024x683.webp\" alt=\"Arag\u00f3n Potonics BLAST\"><\/a><\/div><div class=\"posts-list-post-excerpt order-3\"><div class=\"clearfix\" itemprop=\"text\">Brillouin Loop Analyzer of Strain and Temperature<\/div><\/div><div class=\"cta-wrapper order-last\"><a class=\"btn btn-primary btn-action\" href=\"https:\/\/aragonphotonics.com\/es\/productos\/blast\/\" title=\"Ver producto\">Ver producto <\/a><\/div><\/article><\/div><\/div><\/div><\/div><\/div><\/div><\/section>\n\n<section class=\"block-wrapper block-wrapper-cfb bg-color corporate block-wrapper-image-content no-bg image-left boxed boxed-fullwidth\" data-image-src=\"\"><div class=\"container\"><div class=\"block-in-wrapper\"><div class=\"row justify-content-center align-items-center g-0\"><div class=\"block-text-wrapper col-lg-6\"><h2 class=\"block-title\">Tecnolog\u00eda de Sensado Distribuido sobre Fibra \u00d3ptica  <\/h2><div class=\"block-description\"><p><strong>\/\/ <span class=\"TextRun SCXW134558928 BCX0\" lang=\"ES-ES\" xml:lang=\"ES-ES\" data-contrast=\"auto\"><span class=\"NormalTextRun SCXW134558928 BCX0\">Sistema DAS patentado<\/span><\/span><\/strong><\/p>\n<p><span data-contrast=\"auto\">HDAS es un revolucionario sistema DAS basado en nuestra tecnolog\u00eda patentada \u00abChirped-pulse phase-OTDR\u00bb.<\/span><span data-ccp-props=\"{&quot;134233117&quot;:false,&quot;134233118&quot;:false,&quot;201341983&quot;:0,&quot;335559738&quot;:240,&quot;335559739&quot;:240,&quot;335559740&quot;:279}\">\u00a0<\/span><\/p>\n<p><span data-contrast=\"auto\">La tecnolog\u00eda HDAS es considerada una de las tecnolog\u00edas DAS de mayor fidelidad, ya que proporciona una respuesta lineal y cuantitativa, con una sensibilidad extremadamente alta y un rendimiento homog\u00e9neo a lo largo de la fibra sin desvanecimientos.<\/span><span data-ccp-props=\"{&quot;134233117&quot;:false,&quot;134233118&quot;:false,&quot;201341983&quot;:0,&quot;335559738&quot;:240,&quot;335559739&quot;:240,&quot;335559740&quot;:279}\">\u00a0<\/span><\/p>\n<\/div><div class=\"block-cta-wrapper\"><a class=\"btn btn-primary\" href=\"https:\/\/aragonphotonics.com\/es\/tecnologia\/\" title=\"Descubre la tecnolog\u00eda HDAS\">Descubre la tecnolog\u00eda HDAS<\/a><\/div><\/div><div class=\"block-image-wrapper col-lg-6\"><img decoding=\"async\" src=\"https:\/\/aragonphotonics.com\/es\/wp-content\/uploads\/sites\/2\/2024\/05\/energy.png\" alt=\"\" class=\"img-fluid\" ><\/div><\/div><\/div><\/div><\/section>\n\n<section class=\"block-wrapper block-wrapper-cfb corporate block-wrapper-projects\"><div class=\"container\"><div class=\"block-in-wrapper\"><h2 class=\"block-title text-center text-md-center text-lg-center\">Proyectos de innovaci\u00f3n<\/h2><div class=\"block-content\"><div class=\"posts-list-wrapper boxed\"><div class=\"row justify-content-center\"><div class=\"col-12 col-md-6 col-lg-3\"><article class=\"posts-list-post d-flex flex-column\"><h3 class=\"posts-list-post-title order-2\"><a href=\"https:\/\/aragonphotonics.com\/es\/proyectos-innovacion\/safe\/\" title=\"Photonics SAFE\">SAFE<\/a><\/h3><div class=\"posts-list-post-image-wrapper order-1\"><a href=\"https:\/\/aragonphotonics.com\/es\/proyectos-innovacion\/safe\/\" title=\"Photonics SAFE\"><img decoding=\"async\" class=\"img-fluid\" src=\"https:\/\/aragonphotonics.com\/es\/wp-content\/uploads\/sites\/2\/2024\/05\/cables-1024x576.webp\" alt=\"Arag\u00f3n Potonics SAFE\"><\/a><\/div><div class=\"posts-list-post-excerpt order-3\"><div class=\"clearfix\" itemprop=\"text\"><p class=\"post-article-content-wrapper\">Resumen: Los tsunamis impredecibles puedes provocar <\/p><p class=\"readmore-wrapper\"><a href=\"https:\/\/aragonphotonics.com\/es\/proyectos-innovacion\/safe\/\" class=\"more-link\" title=\"Leer m\u00e1s\">Leer m\u00e1s<\/a><\/p><\/div><\/div><\/article><\/div><div class=\"col-12 col-md-6 col-lg-3\"><article class=\"posts-list-post d-flex flex-column\"><h3 class=\"posts-list-post-title order-2\"><a href=\"https:\/\/aragonphotonics.com\/es\/proyectos-innovacion\/moditi\/\" title=\"Photonics MODITI\">MODITI<\/a><\/h3><div class=\"posts-list-post-image-wrapper order-1\"><a href=\"https:\/\/aragonphotonics.com\/es\/proyectos-innovacion\/moditi\/\" title=\"Photonics MODITI\"><img decoding=\"async\" class=\"img-fluid\" src=\"https:\/\/aragonphotonics.com\/es\/wp-content\/uploads\/sites\/2\/2024\/05\/roads-1024x683.webp\" alt=\"Arag\u00f3n Potonics MODITI\"><\/a><\/div><div class=\"posts-list-post-excerpt order-3\"><div class=\"clearfix\" itemprop=\"text\"><p class=\"post-article-content-wrapper\">Resumen: La topograf\u00eda lineal y la longitud de <\/p><p class=\"readmore-wrapper\"><a href=\"https:\/\/aragonphotonics.com\/es\/proyectos-innovacion\/moditi\/\" class=\"more-link\" title=\"Leer m\u00e1s\">Leer m\u00e1s<\/a><\/p><\/div><\/div><\/article><\/div><div class=\"col-12 col-md-6 col-lg-3\"><article class=\"posts-list-post d-flex flex-column\"><h3 class=\"posts-list-post-title order-2\"><a href=\"https:\/\/aragonphotonics.com\/es\/proyectos-innovacion\/psi\/\" title=\"Photonics PSI\">PSI<\/a><\/h3><div class=\"posts-list-post-image-wrapper order-1\"><a href=\"https:\/\/aragonphotonics.com\/es\/proyectos-innovacion\/psi\/\" title=\"Photonics PSI\"><img decoding=\"async\" class=\"img-fluid\" src=\"https:\/\/aragonphotonics.com\/es\/wp-content\/uploads\/sites\/2\/2024\/05\/psi-bg-1024x592.webp\" alt=\"Arag\u00f3n Potonics PSI\"><\/a><\/div><div class=\"posts-list-post-excerpt order-3\"><div class=\"clearfix\" itemprop=\"text\"><p class=\"post-article-content-wrapper\">Resumen: Los cables submarinos son esenciales para la <\/p><p class=\"readmore-wrapper\"><a href=\"https:\/\/aragonphotonics.com\/es\/proyectos-innovacion\/psi\/\" class=\"more-link\" title=\"Leer m\u00e1s\">Leer m\u00e1s<\/a><\/p><\/div><\/div><\/article><\/div><div class=\"col-12 col-md-6 col-lg-3\"><article class=\"posts-list-post d-flex flex-column\"><h3 class=\"posts-list-post-title order-2\"><a href=\"https:\/\/aragonphotonics.com\/es\/proyectos-innovacion\/digivolcan\/\" title=\"Photonics DIGIVOLCAN\">DIGIVOLCAN<\/a><\/h3><div class=\"posts-list-post-image-wrapper order-1\"><a href=\"https:\/\/aragonphotonics.com\/es\/proyectos-innovacion\/digivolcan\/\" title=\"Photonics DIGIVOLCAN\"><img decoding=\"async\" class=\"img-fluid\" src=\"https:\/\/aragonphotonics.com\/es\/wp-content\/uploads\/sites\/2\/2024\/05\/volcan-1024x340.webp\" alt=\"Arag\u00f3n Potonics DIGIVOLCAN\"><\/a><\/div><div class=\"posts-list-post-excerpt order-3\"><div class=\"clearfix\" itemprop=\"text\"><p class=\"post-article-content-wrapper\">Resumen: El proyecto se debe a la observaci\u00f3n de <\/p><p class=\"readmore-wrapper\"><a href=\"https:\/\/aragonphotonics.com\/es\/proyectos-innovacion\/digivolcan\/\" class=\"more-link\" title=\"Leer m\u00e1s\">Leer m\u00e1s<\/a><\/p><\/div><\/div><\/article><\/div><\/div><\/div><\/div><div class=\"block-cta-wrapper text-center text-md-center text-lg-center\"><a class=\"btn btn-primary\" href=\"\/es\/innovacion\/\" title=\"Todos los proyectos de innovaci\u00f3n\">Todos los proyectos de innovaci\u00f3n<\/a><\/div><\/div><\/div><\/section>\n\n<section class=\"block-wrapper block-wrapper-cfb corporate block-wrapper-news\"><div class=\"container\"><div class=\"block-in-wrapper\"><h2 class=\"block-title text-center text-md-center text-lg-center\">Noticias<\/h2><div class=\"block-content\"><div class=\"posts-list-wrapper boxed\"><div class=\"row justify-content-center\"><div class=\"col-12 col-md-6 col-lg-4\"><article class=\"posts-list-post d-flex flex-column\"><h3 class=\"posts-list-post-title order-2\"><a href=\"https:\/\/aragonphotonics.com\/es\/aragon-photonics-presenta-sus-soluciones-das-en-bruselas-para-el-proyecto-europeo-de-proteccion-de-infraestructuras-submarinas-csip\/\" title=\"Photonics Aragon Photonics presenta sus soluciones DAS en Bruselas para el proyecto europeo de protecci\u00f3n de infraestructuras submarinas (CSIP)\">Aragon Photonics presenta sus soluciones DAS en Bruselas para el proyecto europeo de protecci\u00f3n de infraestructuras submarinas (CSIP)<\/a><\/h3><div class=\"posts-list-post-image-wrapper order-1\"><a href=\"https:\/\/aragonphotonics.com\/es\/aragon-photonics-presenta-sus-soluciones-das-en-bruselas-para-el-proyecto-europeo-de-proteccion-de-infraestructuras-submarinas-csip\/\" title=\"Photonics Aragon Photonics presenta sus soluciones DAS en Bruselas para el proyecto europeo de protecci\u00f3n de infraestructuras submarinas (CSIP)\"><img decoding=\"async\" class=\"img-fluid\" src=\"https:\/\/aragonphotonics.com\/es\/wp-content\/uploads\/sites\/2\/2026\/02\/Foto-oficial-RFI-EDA-1024x576.jpg\" alt=\"Arag\u00f3n Potonics Aragon Photonics presenta sus soluciones DAS en Bruselas para el proyecto europeo de protecci\u00f3n de infraestructuras submarinas (CSIP)\"><\/a><\/div><div class=\"posts-list-post-excerpt order-3\"><div class=\"clearfix\" itemprop=\"text\"><p class=\"post-article-content-wrapper\">Aragon Photonics contin\u00faa consolidando su posici\u00f3n como <\/p><p class=\"readmore-wrapper\"><a href=\"https:\/\/aragonphotonics.com\/es\/aragon-photonics-presenta-sus-soluciones-das-en-bruselas-para-el-proyecto-europeo-de-proteccion-de-infraestructuras-submarinas-csip\/\" class=\"more-link\" title=\"Leer m\u00e1s\">Leer m\u00e1s<\/a><\/p><\/div><\/div><\/article><\/div><div class=\"col-12 col-md-6 col-lg-4\"><article class=\"posts-list-post d-flex flex-column\"><h3 class=\"posts-list-post-title order-2\"><a href=\"https:\/\/aragonphotonics.com\/es\/aragon-photonics-participa-en-el-56th-set-panel-de-la-otan-en-la-spezia\/\" title=\"Photonics Aragon Photonics participa en el 56th SET Panel de la OTAN en La Spezia\">Aragon Photonics participa en el 56th SET Panel de la OTAN en La Spezia<\/a><\/h3><div class=\"posts-list-post-image-wrapper order-1\"><a href=\"https:\/\/aragonphotonics.com\/es\/aragon-photonics-participa-en-el-56th-set-panel-de-la-otan-en-la-spezia\/\" title=\"Photonics Aragon Photonics participa en el 56th SET Panel de la OTAN en La Spezia\"><img decoding=\"async\" class=\"img-fluid\" src=\"https:\/\/aragonphotonics.com\/es\/wp-content\/uploads\/sites\/2\/2026\/02\/495236858_1253441286786421_5541244615224099202_n-1024x683.jpg\" alt=\"Arag\u00f3n Potonics Aragon Photonics participa en el 56th SET Panel de la OTAN en La Spezia\"><\/a><\/div><div class=\"posts-list-post-excerpt order-3\"><div class=\"clearfix\" itemprop=\"text\"><p class=\"post-article-content-wrapper\">A finales de octubre de 2025, Aragon Photonics form\u00f3 <\/p><p class=\"readmore-wrapper\"><a href=\"https:\/\/aragonphotonics.com\/es\/aragon-photonics-participa-en-el-56th-set-panel-de-la-otan-en-la-spezia\/\" class=\"more-link\" title=\"Leer m\u00e1s\">Leer m\u00e1s<\/a><\/p><\/div><\/div><\/article><\/div><div class=\"col-12 col-md-6 col-lg-4\"><article class=\"posts-list-post d-flex flex-column\"><h3 class=\"posts-list-post-title order-2\"><a href=\"https:\/\/aragonphotonics.com\/es\/aragon-photonics-se-integra-en-el-hub-de-defensa-de-aragon-para-potenciar-la-innovacion-tecnologica-en-el-sector\/\" title=\"Photonics Aragon Photonics se integra en el Hub de Defensa de Arag\u00f3n para potenciar la innovaci\u00f3n tecnol\u00f3gica en el sector\">Aragon Photonics se integra en el Hub de Defensa de Arag\u00f3n para potenciar la innovaci\u00f3n tecnol\u00f3gica en el sector<\/a><\/h3><div class=\"posts-list-post-image-wrapper order-1\"><a href=\"https:\/\/aragonphotonics.com\/es\/aragon-photonics-se-integra-en-el-hub-de-defensa-de-aragon-para-potenciar-la-innovacion-tecnologica-en-el-sector\/\" title=\"Photonics Aragon Photonics se integra en el Hub de Defensa de Arag\u00f3n para potenciar la innovaci\u00f3n tecnol\u00f3gica en el sector\"><img decoding=\"async\" class=\"img-fluid\" src=\"https:\/\/aragonphotonics.com\/es\/wp-content\/uploads\/sites\/2\/2026\/02\/Hub-Defensa-Aragon-1024x683.jpg\" alt=\"Arag\u00f3n Potonics Aragon Photonics se integra en el Hub de Defensa de Arag\u00f3n para potenciar la innovaci\u00f3n tecnol\u00f3gica en el sector\"><\/a><\/div><div class=\"posts-list-post-excerpt order-3\"><div class=\"clearfix\" itemprop=\"text\"><p class=\"post-article-content-wrapper\">Aragon Photonics ha formalizado su inscripci\u00f3n en el <\/p><p class=\"readmore-wrapper\"><a href=\"https:\/\/aragonphotonics.com\/es\/aragon-photonics-se-integra-en-el-hub-de-defensa-de-aragon-para-potenciar-la-innovacion-tecnologica-en-el-sector\/\" class=\"more-link\" title=\"Leer m\u00e1s\">Leer m\u00e1s<\/a><\/p><\/div><\/div><\/article><\/div><\/div><\/div><\/div><\/div><\/div><\/section>","protected":false},"excerpt":{"rendered":"","protected":false},"author":1,"featured_media":71,"parent":0,"menu_order":0,"comment_status":"closed","ping_status":"open","template":"","meta":{"_acf_changed":false,"_uag_custom_page_level_css":"","_genesis_hide_title":true,"_genesis_hide_breadcrumbs":false,"_genesis_hide_singular_image":false,"_genesis_hide_footer_widgets":false,"_genesis_custom_body_class":"","_genesis_custom_post_class":"","_genesis_layout":"","footnotes":""},"class_list":{"0":"post-2","1":"page","2":"type-page","3":"status-publish","4":"has-post-thumbnail","6":"entry"},"acf":[],"uagb_featured_image_src":{"full":["https:\/\/aragonphotonics.com\/es\/wp-content\/uploads\/sites\/2\/2024\/05\/cropped-isotipo-aragonphotonics.png",512,512,false],"thumbnail":["https:\/\/aragonphotonics.com\/es\/wp-content\/uploads\/sites\/2\/2024\/05\/cropped-isotipo-aragonphotonics-150x150.png",150,150,true],"medium":["https:\/\/aragonphotonics.com\/es\/wp-content\/uploads\/sites\/2\/2024\/05\/cropped-isotipo-aragonphotonics-300x300.png",300,300,true],"medium_large":["https:\/\/aragonphotonics.com\/es\/wp-content\/uploads\/sites\/2\/2024\/05\/cropped-isotipo-aragonphotonics.png",512,512,false],"large":["https:\/\/aragonphotonics.com\/es\/wp-content\/uploads\/sites\/2\/2024\/05\/cropped-isotipo-aragonphotonics.png",512,512,false],"1536x1536":["https:\/\/aragonphotonics.com\/es\/wp-content\/uploads\/sites\/2\/2024\/05\/cropped-isotipo-aragonphotonics.png",512,512,false],"2048x2048":["https:\/\/aragonphotonics.com\/es\/wp-content\/uploads\/sites\/2\/2024\/05\/cropped-isotipo-aragonphotonics.png",512,512,false],"gur_featured_image":["https:\/\/aragonphotonics.com\/es\/wp-content\/uploads\/sites\/2\/2024\/05\/cropped-isotipo-aragonphotonics.png",512,512,false],"gur_blog_thumbnail":["https:\/\/aragonphotonics.com\/es\/wp-content\/uploads\/sites\/2\/2024\/05\/cropped-isotipo-aragonphotonics-240x240.png",240,240,true],"gur_industries_thumbnail":["https:\/\/aragonphotonics.com\/es\/wp-content\/uploads\/sites\/2\/2024\/05\/cropped-isotipo-aragonphotonics.png",300,300,false]},"uagb_author_info":{"display_name":"Incaelum","author_link":"https:\/\/aragonphotonics.com\/es\/author\/incaelum\/"},"uagb_comment_info":0,"uagb_excerpt":null,"_links":{"self":[{"href":"https:\/\/aragonphotonics.com\/es\/wp-json\/wp\/v2\/pages\/2","targetHints":{"allow":["GET"]}}],"collection":[{"href":"https:\/\/aragonphotonics.com\/es\/wp-json\/wp\/v2\/pages"}],"about":[{"href":"https:\/\/aragonphotonics.com\/es\/wp-json\/wp\/v2\/types\/page"}],"author":[{"embeddable":true,"href":"https:\/\/aragonphotonics.com\/es\/wp-json\/wp\/v2\/users\/1"}],"replies":[{"embeddable":true,"href":"https:\/\/aragonphotonics.com\/es\/wp-json\/wp\/v2\/comments?post=2"}],"version-history":[{"count":148,"href":"https:\/\/aragonphotonics.com\/es\/wp-json\/wp\/v2\/pages\/2\/revisions"}],"predecessor-version":[{"id":5464,"href":"https:\/\/aragonphotonics.com\/es\/wp-json\/wp\/v2\/pages\/2\/revisions\/5464"}],"wp:featuredmedia":[{"embeddable":true,"href":"https:\/\/aragonphotonics.com\/es\/wp-json\/wp\/v2\/media\/71"}],"wp:attachment":[{"href":"https:\/\/aragonphotonics.com\/es\/wp-json\/wp\/v2\/media?parent=2"}],"curies":[{"name":"wp","href":"https:\/\/api.w.org\/{rel}","templated":true}]}}