{"id":18,"date":"2024-05-02T10:14:07","date_gmt":"2024-05-02T09:14:07","guid":{"rendered":"https:\/\/aragonphotonics.com\/es\/?page_id=18"},"modified":"2026-03-23T13:16:21","modified_gmt":"2026-03-23T11:16:21","slug":"politica-de-calidad","status":"publish","type":"page","link":"https:\/\/aragonphotonics.com\/es\/politica-de-calidad\/","title":{"rendered":"Pol\u00edtica de Empresa"},"content":{"rendered":"\n<div class=\"wp-block-uagb-container mt-5 mb-5 uagb-block-62905722 default uagb-is-root-container\">\n<p><strong>Arag\u00f3n\u00a0Photonics\u00a0Labs\u00a0SLU<\/strong>, con sede en Zaragoza y dedicada principalmente al dise\u00f1o, fabricaci\u00f3n y comercializaci\u00f3n de equipos \u00f3pticos\u00a0de test\u00a0y medida para el mercado del\u00a0sensado\u00a0distribuido utilizando fibra \u00f3ptica, establece esta Pol\u00edtica Integrada como marco de referencia de su\u00a0Sistema de Gesti\u00f3n conforme a las normas ISO 9001, ISO 14001 e ISO 45001.<br><br>La Direcci\u00f3n se compromete a:<\/p>\n\n\n\n<ul class=\"wp-block-list\">\n<li><strong>Calidad y clientes<\/strong>: ofrecer productos y servicios fiables, cumpliendo los requisitos legales y contractuales, y trabajando por la satisfacci\u00f3n de clientes y otras partes interesadas.<\/li>\n\n\n\n<li><strong>Medio ambiente:<\/strong>\u00a0identificar y controlar nuestros impactos ambientales, cumpliendo la normativa y otros requisitos suscritos, y promoviendo el uso eficiente de recursos y la prevenci\u00f3n de la contaminaci\u00f3n.<\/li>\n\n\n\n<li><strong>Seguridad y salud:<\/strong>\u00a0proporcionar condiciones de trabajo seguras y saludables, eliminando peligros y reduciendo riesgos para prevenir lesiones y da\u00f1os a la salud, cumpliendo la legislaci\u00f3n de SST y otros requisitos aplicables.<\/li>\n\n\n\n<li><strong>Personas y participaci\u00f3n:<\/strong>\u00a0garantizar la competencia, informaci\u00f3n y formaci\u00f3n del personal, as\u00ed como la consulta y participaci\u00f3n de las personas trabajadoras y, cuando existan, sus representantes.<\/li>\n\n\n\n<li><strong>Mejora continua y recursos:<\/strong>\u00a0establecer y revisar objetivos, analizar resultados y disponer de los recursos necesarios para mejorar de forma continua el desempe\u00f1o en calidad, medio ambiente y seguridad y salud en el trabajo.<br><\/li>\n<\/ul>\n\n\n\n<p>Esta Pol\u00edtica se comunica a toda la organizaci\u00f3n, se pone a disposici\u00f3n de las partes interesadas y se revisa peri\u00f3dicamente para asegurar su\u00a0vigencia y adecuaci\u00f3n.<\/p>\n<\/div>\n\n\n<div class=\"block-wrapper block-wrapper-cfb block-wrapper-banner download background-as-attr\" data-image-src=\"https:\/\/aragonphotonics.com\/es\/wp-content\/uploads\/sites\/2\/2024\/05\/banner-contact-home.jpg\"><div class=\"container\"><div class=\"row align-items-center\"><div class=\"col-12\"><div class=\"content-wrapper\"><div class=\"text-wrapper\"><h2 class=\"block-title\">Pol\u00edtica de Calidad &#8211; Certificaci\u00f3n ISO 9001 <\/h2><\/div><div class=\"block-cta-wrapper\"><i class=\"my-icons icon-pdf\"><\/i><a class=\"btn btn-action\" href=\"https:\/\/aragonphotonics.com\/es\/wp-content\/uploads\/sites\/2\/2024\/05\/25135912-BUP-ARAGON-PHOTONICS-LABS-SLU-ESPANOL.pdf\" title=\"Descargar\">Descargar<\/a><\/div><\/div><\/div><\/div><\/div><\/div>","protected":false},"excerpt":{"rendered":"<p>Arag\u00f3n\u00a0Photonics\u00a0Labs\u00a0SLU, con sede en Zaragoza y dedicada principalmente al dise\u00f1o, fabricaci\u00f3n y comercializaci\u00f3n de equipos \u00f3pticos\u00a0de test\u00a0y medida para el mercado del\u00a0sensado\u00a0distribuido utilizando fibra \u00f3ptica, establece esta Pol\u00edtica Integrada como marco de referencia de su\u00a0Sistema de Gesti\u00f3n conforme a las normas ISO 9001, ISO 14001 e ISO 45001. La Direcci\u00f3n se compromete a: Esta Pol\u00edtica [&hellip;]<\/p>\n","protected":false},"author":3,"featured_media":0,"parent":0,"menu_order":0,"comment_status":"closed","ping_status":"closed","template":"","meta":{"_acf_changed":false,"_uag_custom_page_level_css":"","_genesis_hide_title":false,"_genesis_hide_breadcrumbs":false,"_genesis_hide_singular_image":false,"_genesis_hide_footer_widgets":false,"_genesis_custom_body_class":"","_genesis_custom_post_class":"","_genesis_layout":"","footnotes":""},"class_list":{"0":"post-18","1":"page","2":"type-page","3":"status-publish","5":"entry"},"acf":[],"uagb_featured_image_src":{"full":false,"thumbnail":false,"medium":false,"medium_large":false,"large":false,"1536x1536":false,"2048x2048":false,"gur_featured_image":false,"gur_blog_thumbnail":false,"gur_industries_thumbnail":false},"uagb_author_info":{"display_name":"Javier Incaelum","author_link":"https:\/\/aragonphotonics.com\/es\/author\/javier-incaelum\/"},"uagb_comment_info":0,"uagb_excerpt":"Arag\u00f3n\u00a0Photonics\u00a0Labs\u00a0SLU, con sede en Zaragoza y dedicada principalmente al dise\u00f1o, fabricaci\u00f3n y comercializaci\u00f3n de equipos \u00f3pticos\u00a0de test\u00a0y medida para el mercado del\u00a0sensado\u00a0distribuido utilizando fibra \u00f3ptica, establece esta Pol\u00edtica Integrada como marco de referencia de su\u00a0Sistema de Gesti\u00f3n conforme a las normas ISO 9001, ISO 14001 e ISO 45001. La Direcci\u00f3n se compromete a: Esta Pol\u00edtica&hellip;","_links":{"self":[{"href":"https:\/\/aragonphotonics.com\/es\/wp-json\/wp\/v2\/pages\/18","targetHints":{"allow":["GET"]}}],"collection":[{"href":"https:\/\/aragonphotonics.com\/es\/wp-json\/wp\/v2\/pages"}],"about":[{"href":"https:\/\/aragonphotonics.com\/es\/wp-json\/wp\/v2\/types\/page"}],"author":[{"embeddable":true,"href":"https:\/\/aragonphotonics.com\/es\/wp-json\/wp\/v2\/users\/3"}],"replies":[{"embeddable":true,"href":"https:\/\/aragonphotonics.com\/es\/wp-json\/wp\/v2\/comments?post=18"}],"version-history":[{"count":10,"href":"https:\/\/aragonphotonics.com\/es\/wp-json\/wp\/v2\/pages\/18\/revisions"}],"predecessor-version":[{"id":5518,"href":"https:\/\/aragonphotonics.com\/es\/wp-json\/wp\/v2\/pages\/18\/revisions\/5518"}],"wp:attachment":[{"href":"https:\/\/aragonphotonics.com\/es\/wp-json\/wp\/v2\/media?parent=18"}],"curies":[{"name":"wp","href":"https:\/\/api.w.org\/{rel}","templated":true}]}}